{"id":1802,"date":"2025-04-30T11:15:08","date_gmt":"2025-04-30T11:15:08","guid":{"rendered":"https:\/\/hgc-elektrotechnik.com\/about-us-corporate-responsibility\/"},"modified":"2025-07-16T10:13:56","modified_gmt":"2025-07-16T10:13:56","slug":"ueber-uns-unternehmensverantwortung","status":"publish","type":"page","link":"https:\/\/hgc-elektrotechnik.com\/de\/ueber-uns-unternehmensverantwortung\/","title":{"rendered":"\u00dcber uns &#8211; Unternehmensverantwortung"},"content":{"rendered":"<section class=\"bde-section-1802-100 bde-section\">\n  \n  \n\t\n\n\n\n<div class=\"section-container\"><h1 class=\"bde-heading-1802-101 bde-heading\">\nUnternehmensverantwortung\n<\/h1><div class=\"bde-grid-1802-102 bde-grid\" data-entrance=\"slideUp\">\n  \n  \n\t\n\n\n\n<div class=\"bde-div-1802-103 bde-div\">\n              \n  \n  \n\t\n\n  <div class=\"section-background-overlay\"><\/div>\n\n\n<h2 class=\"bde-heading-1802-104 bde-heading\">\nUnsere Mission\n<\/h2><div class=\"bde-text-1802-105 bde-text\">\nWir bieten hochwertige, l\u00f6sungsorientierte Ingenieur- und Technologiedienstleistungen, die Nachhaltigkeit und Effizienz f\u00f6rdern. Durch den Einsatz fortschrittlicher Technologien unterst\u00fctzen wir Unternehmen, Privatpersonen, Haushalte und gemeinn\u00fctzige Organisationen mit innovativen und umweltfreundlichen L\u00f6sungen. Unser Engagement f\u00fcr Spitzenleistungen sichert eine bessere Zukunft, die wir gemeinsam mit unseren Mitarbeitern und Partnern gestalten.\n<\/div>\n<\/div><div class=\"bde-div-1802-106 bde-div\">\n              \n  \n  \n\t\n\n  <div class=\"section-background-overlay\"><\/div>\n\n\n<h2 class=\"bde-heading-1802-107 bde-heading\">\nUnsere Vision\n<\/h2><div class=\"bde-text-1802-108 bde-text\">\nWir wollen das f\u00fchrende hochwertige, kunden- und l\u00f6sungsorientierte Unternehmen in EMEA sein, das innovative und nachhaltige Technologien anbietet. Unser Ziel ist es, durch die Bereitstellung zuverl\u00e4ssiger, effizienter und zukunftssicherer L\u00f6sungen in allen Bereichen einen Mehrwert f\u00fcr jedes Leben zu schaffen, das wir ber\u00fchren.\n<\/div>\n<\/div>\n<\/div><\/div>\n<\/section><section class=\"bde-section-1802-109 bde-section\">\n  \n  \n\t\n\n\n\n<div class=\"section-container\"><h2 class=\"bde-heading-1802-110 bde-heading\">\nUnsere Grundwerte\n<\/h2><div class=\"bde-grid-1802-111 bde-grid\" data-entrance=\"slideUp\">\n  \n  \n\t\n\n\n\n<div class=\"bde-div-1802-112 bde-div\">\n  \n  \n\t\n\n\n\n<h3 class=\"bde-heading-1802-113 bde-heading\">\nEngagement f\u00fcr h\u00f6chste Qualit\u00e4t\n<\/h3><div class=\"bde-text-1802-114 bde-text\">\nQualit\u00e4t steht bei all unserem Handeln im Mittelpunkt \u2013 von der Planung \u00fcber die Beschaffung bis hin zur Installation und Wartung\n<\/div>\n<\/div><div class=\"bde-div-1802-115 bde-div\">\n  \n  \n\t\n\n\n\n<h3 class=\"bde-heading-1802-116 bde-heading\">\nKundenorientierter Ansatz\n<\/h3><div class=\"bde-text-1802-117 bde-text\">\nWir h\u00f6ren unseren Kunden zu, stellen ihre Bed\u00fcrfnisse in den Mittelpunkt und schaffen durch Vertrauen, Transparenz und ma\u00dfgeschneiderte L\u00f6sungen starke, langfristige Partnerschaften.\n<\/div>\n<\/div><div class=\"bde-div-1802-118 bde-div\">\n  \n  \n\t\n\n\n\n<h3 class=\"bde-heading-1802-119 bde-heading\">\nNachhaltigkeit\n<\/h3><div class=\"bde-text-1802-120 bde-text\">\nWir f\u00f6rdern den \u00dcbergang zu erneuerbaren Energien und reduzieren die Umweltbelastung durch unser nachhaltiges Handeln.\n<\/div>\n<\/div><div class=\"bde-div-1802-121 bde-div\">\n  \n  \n\t\n\n\n\n<h3 class=\"bde-heading-1802-122 bde-heading\">\nErfolg durch Teamarbeit\n<\/h3><div class=\"bde-text-1802-123 bde-text\">\nWir leben eine Kultur der Zusammenarbeit, die durch offene Kommunikation und gegenseitigen Respekt gemeinsame Erfolge erm\u00f6glicht \u2013 mit unserem Team und unseren Partnern.\n<\/div>\n<\/div><div class=\"bde-div-1802-124 bde-div\">\n  \n  \n\t\n\n\n\n<h3 class=\"bde-heading-1802-125 bde-heading\">\nDiversit\u00e4t und Inklusion\n<\/h3><div class=\"bde-text-1802-126 bde-text\">\nWir f\u00f6rdern ein inklusives Umfeld, das Vielfalt anerkennt, Respekt lebt und Innovation sowie gemeinsames Wachstum erm\u00f6glicht.\n<\/div>\n<\/div><div class=\"bde-div-1802-127 bde-div\">\n  \n  \n\t\n\n\n\n<h3 class=\"bde-heading-1802-128 bde-heading\">\nUnterst\u00fctzung f\u00fcr unsere Mitarbeiter\n<\/h3><div class=\"bde-text-1802-129 bde-text\">\nWir unterst\u00fctzen unsere Mitarbeiter dabei, ihr Potenzial zu entfalten, und schaffen ein menschenzentriertes Arbeitsumfeld, das Wachstum und Erfolg f\u00f6rdert.\n<\/div>\n<\/div><div class=\"bde-div-1802-130 bde-div\">\n  \n  \n\t\n\n\n\n<h3 class=\"bde-heading-1802-131 bde-heading\">\nAnpassungsf\u00e4higkeit\n<\/h3><div class=\"bde-text-1802-132 bde-text\">\nIn einer sich rasant entwickelnden Energielandschaft bleiben wir flexibel, handeln proaktiv und begegnen Ver\u00e4nderungen mit innovativen Strategien.\n<\/div>\n<\/div><div class=\"bde-div-1802-133 bde-div\">\n  \n  \n\t\n\n\n\n<h3 class=\"bde-heading-1802-134 bde-heading\">\nSicherheit geht vor\n<\/h3><div class=\"bde-text-1802-135 bde-text\">\nWir legen gr\u00f6\u00dften Wert auf die Sicherheit unserer Mitarbeiter, Kunden und Interessengruppen und stellen sicher, dass alle Vorg\u00e4nge mit gr\u00f6\u00dfter Sorgfalt und unter Einhaltung der Vorschriften durchgef\u00fchrt werden.\n<\/div>\n<\/div>\n<\/div><\/div>\n<\/section><section class=\"bde-section-1802-147 bde-section\">\n  \n  \n\t\n\n\n\n        <div class=\"section-shape-divider-wrapper section-shape-divider-wrapper--1\">\n          <span class=\"section-shape-divider\">\n                      <svg\n                xmlns=\"http:\/\/www.w3.org\/2000\/svg\"\n                viewBox=\"0 0 1440 320\"\n                preserveAspectRatio=\"none\"\n            >\n              \n            <\/svg>\n                    <\/span>\n      <\/div>\n  <div class=\"section-container\"><div class=\"bde-columns-1802-148 bde-columns\"><div class=\"bde-column-1802-149 bde-column\">\n  \n  \n\t\n\n\n\n<h2 class=\"bde-heading-1802-150 bde-heading\">\nNoch Fragen? Wir sind f\u00fcr Sie da.\n<\/h2><div class=\"bde-text-1802-151 bde-text\">\nWir helfen Ihnen gerne weiter und informieren Sie in einem pers\u00f6nlichen Gespr\u00e4ch.\n<\/div><div class=\"bde-div-1802-152 bde-div\">\n  \n  \n\t\n\n\n\n<div class=\"bde-button-1802-153 bde-button bde-preset-3e798053-6f0d-410b-ae2f-faeffc632880\">\n    \n                        \n                        \n    \n    \n    \n    \n            \n                    \n            \n            \n\n    \n    \n    \n    \n    \n    <a class=\"breakdance-link button-atom button-atom--custom bde-button__button\" href=\"https:\/\/hgc-elektrotechnik.com\/de\/kontakt\/\" target=\"_self\" data-type=\"url\"  >\n\n    \n        <span class=\"button-atom__text\">Jetzt kontaktieren<\/span>\n\n        \n        \n                <\/a>\n\n    \n\n\n<\/div>\n<\/div>\n<\/div><div class=\"bde-column-1802-154 bde-column\">\n  \n  \n\t\n\n\n\n<div class=\"bde-masker-1802-155 bde-masker\"><img decoding=\"async\" class=\"bde-image2-1802-156 bde-image2\" src=\"https:\/\/hgc-elektrotechnik.com\/wp-content\/uploads\/2025\/04\/Contact-scaled.webp\" alt=\"Contact\" loading=\"lazy\" srcset=\"https:\/\/hgc-elektrotechnik.com\/wp-content\/uploads\/2025\/04\/Contact-scaled.webp 2560w, https:\/\/hgc-elektrotechnik.com\/wp-content\/uploads\/2025\/04\/Contact-300x149.webp 300w, https:\/\/hgc-elektrotechnik.com\/wp-content\/uploads\/2025\/04\/Contact-1024x509.webp 1024w, https:\/\/hgc-elektrotechnik.com\/wp-content\/uploads\/2025\/04\/Contact-768x382.webp 768w, https:\/\/hgc-elektrotechnik.com\/wp-content\/uploads\/2025\/04\/Contact-1536x763.webp 1536w, https:\/\/hgc-elektrotechnik.com\/wp-content\/uploads\/2025\/04\/Contact-2048x1018.webp 2048w\" sizes=\"(max-width: 2560px) 100vw, 2560px\">\r\n<\/div>\n<\/div><\/div><\/div>\n<\/section>","protected":false},"excerpt":{"rendered":"<p>Unternehmensverantwortung Unsere Mission Wir bieten hochwertige, l\u00f6sungsorientierte Ingenieur- und Technologiedienstleistungen, die Nachhaltigkeit und Effizienz f\u00f6rdern. Durch den Einsatz fortschrittlicher Technologien unterst\u00fctzen wir Unternehmen, Privatpersonen, Haushalte und gemeinn\u00fctzige Organisationen mit innovativen und umweltfreundlichen L\u00f6sungen. Unser Engagement f\u00fcr Spitzenleistungen sichert eine bessere Zukunft, die wir gemeinsam mit unseren Mitarbeitern und Partnern gestalten. Unsere Vision Wir wollen das [&hellip;]<\/p>\n","protected":false},"author":2,"featured_media":0,"parent":0,"menu_order":0,"comment_status":"closed","ping_status":"closed","template":"","meta":{"_breakdance_hide_in_design_set":false,"_breakdance_tags":"","footnotes":""},"class_list":["post-1802","page","type-page","status-publish","hentry"],"_links":{"self":[{"href":"https:\/\/hgc-elektrotechnik.com\/de\/wp-json\/wp\/v2\/pages\/1802","targetHints":{"allow":["GET"]}}],"collection":[{"href":"https:\/\/hgc-elektrotechnik.com\/de\/wp-json\/wp\/v2\/pages"}],"about":[{"href":"https:\/\/hgc-elektrotechnik.com\/de\/wp-json\/wp\/v2\/types\/page"}],"author":[{"embeddable":true,"href":"https:\/\/hgc-elektrotechnik.com\/de\/wp-json\/wp\/v2\/users\/2"}],"replies":[{"embeddable":true,"href":"https:\/\/hgc-elektrotechnik.com\/de\/wp-json\/wp\/v2\/comments?post=1802"}],"version-history":[{"count":7,"href":"https:\/\/hgc-elektrotechnik.com\/de\/wp-json\/wp\/v2\/pages\/1802\/revisions"}],"predecessor-version":[{"id":2120,"href":"https:\/\/hgc-elektrotechnik.com\/de\/wp-json\/wp\/v2\/pages\/1802\/revisions\/2120"}],"wp:attachment":[{"href":"https:\/\/hgc-elektrotechnik.com\/de\/wp-json\/wp\/v2\/media?parent=1802"}],"curies":[{"name":"wp","href":"https:\/\/api.w.org\/{rel}","templated":true}]}}