{"id":1812,"date":"2025-04-30T11:20:57","date_gmt":"2025-04-30T11:20:57","guid":{"rendered":"https:\/\/hgc-elektrotechnik.com\/loesungen\/grid\/"},"modified":"2025-07-22T15:43:21","modified_gmt":"2025-07-22T15:43:21","slug":"netzinfrastruktur","status":"publish","type":"page","link":"https:\/\/hgc-elektrotechnik.com\/de\/loesungen\/netzinfrastruktur\/","title":{"rendered":"Netzinfrastruktur"},"content":{"rendered":"<section id=\"company-information\" class=\"bde-section-1812-100 bde-section\">\n              \n  \n  \n\t\n\n  <div class=\"section-background-overlay\"><\/div>\n\n\n<div class=\"section-container\"><div class=\"bde-div-1812-101 bde-div\">\n  \n  \n\t\n\n\n\n<h1 class=\"bde-heading-1812-102 bde-heading\">\nZuverl\u00e4ssige & skalierbare Infrastruktur-L\u00f6sungen\n<\/h1><div class=\"bde-text-1812-103 bde-text\">\nEnergie f\u00fcr die Zukunft mit EPC- und Field Services-Experten\n<\/div><div class=\"bde-button-1812-104 bde-button\">\n    \n                        \n                        \n    \n    \n    \n    \n            \n                    \n            \n            \n\n    \n    \n    \n    \n    \n    <a class=\"breakdance-link button-atom button-atom--primary bde-button__button\" href=\"https:\/\/hgc-elektrotechnik.com\/de\/kontakt\/\" target=\"_self\" data-type=\"url\"  >\n\n    \n        <span class=\"button-atom__text\">Jetzt kontaktieren<\/span>\n\n        \n        \n                <\/a>\n\n    \n\n\n<\/div>\n<\/div><\/div>\n<\/section><section id=\"energy-storage-solutions\" class=\"bde-section-1812-105 bde-section\">\n  \n  \n\t\n\n\n\n<div class=\"section-container\"><h2 class=\"bde-heading-1812-106 bde-heading\">\nStabile und skalierbare Energiel\u00f6sungen\n<\/h2><div class=\"bde-text-1812-107 bde-text\">\nWir bieten sowohl EPC- als auch Einzell\u00f6sungen f\u00fcr Umspannwerke, Verteilnetze und Ladeinfrastruktur f\u00fcr Elektrofahrzeuge an. Wir liefern zuverl\u00e4ssige, skalierbare und zukunftssichere Strominfrastrukturl\u00f6sungen f\u00fcr Versorgungsunternehmen, Industrieanlagen und Projekte im Bereich der erneuerbaren Energien.\n<\/div><div class=\"bde-columns-1812-108 bde-columns\" data-entrance=\"slideLeft\"><div class=\"bde-column-1812-109 bde-column\">\n  \n  \n\t\n\n\n\n<h3 class=\"bde-heading-1812-110 bde-heading\">\nUmspannwerke (luft- und gasisoliert)\n<\/h3><div class=\"bde-text-1812-111 bde-text\">\nUmspannwerke spielen eine entscheidende Rolle bei der Strom\u00fcbertragung und -verteilung, da sie die sichere und effiziente Umwandlung von elektrischer Energie auf verschiedenen Spannungsebenen gew\u00e4hrleisten. Wir sind auf die Planung, Installation, Inbetriebnahme und Wartung von luft- (AIS) und gasisolierten (GIS) Umspannwerken spezialisiert und gew\u00e4hrleisten hohe Zuverl\u00e4ssigkeit sowie die Einhaltung von Industriestandards. Ob f\u00fcr Versorgungsunternehmen, Industrie oder erneuerbare Energien \u2013 wir bieten ma\u00dfgeschneiderte L\u00f6sungen f\u00fcr die Infrastruktur von Umspannwerken.\n<\/div>\n<\/div><div class=\"bde-column-1812-112 bde-column\">\n  \n  \n\t\n\n\n\n\n<\/div><\/div><div class=\"bde-columns-1812-113 bde-columns\" data-entrance=\"slideRight\"><div class=\"bde-column-1812-114 bde-column\">\n  \n  \n\t\n\n\n\n\n<\/div><div class=\"bde-column-1812-115 bde-column\">\n  \n  \n\t\n\n\n\n<h3 class=\"bde-heading-1812-116 bde-heading\">\nUnterirdische Leitungen\n<\/h3><div class=\"bde-text-1812-117 bde-text\">\nEin zuverl\u00e4ssiges unterirdisches \u00dcbertragungsnetz ist f\u00fcr die sichere, effiziente und unauff\u00e4llige Stromversorgung in st\u00e4dtischen und industriellen Gebieten unerl\u00e4sslich. Wir sind auf die Installation und Wartung von unterirdischen \u00dcbertragungsleitungen spezialisiert und liefern L\u00f6sungen, die die Netzstabilit\u00e4t unterst\u00fctzen, die Umweltbelastung reduzieren und Energieverluste minimieren.<br><br>Unser Fachwissen erstreckt sich \u00fcber verschiedene Spannungsebenen und gew\u00e4hrleistet die Einhaltung der technischen Normen bei gleichzeitiger Optimierung der Systemeffizienz und langfristigen Zuverl\u00e4ssigkeit. Ob f\u00fcr neue Infrastrukturen oder Netzerweiterungen \u2013 wir bieten ma\u00dfgeschneiderte unterirdische L\u00f6sungen, die den Anforderungen moderner Energiesysteme gerecht werden.\n<\/div>\n<\/div><\/div><div class=\"bde-columns-1812-118 bde-columns\" data-entrance=\"slideLeft\"><div class=\"bde-column-1812-119 bde-column\">\n  \n  \n\t\n\n\n\n<h3 class=\"bde-heading-1812-120 bde-heading\">\nStromverteilungssysteme\n<\/h3><div class=\"bde-text-1812-121 bde-text\">\nEine zuverl\u00e4ssige Stromverteilung ist der Schl\u00fcssel zu einem effizienten Energiemanagement in Gewerbe-, Industrie- und Versorgungsnetzen. HGC Elektrotechnik ist spezialisiert auf die Implementierung von Nieder- und Mittelspannungs-Verteilernetzen, einschlie\u00dflich Schaltanlagen, Verteilertafeln und Schutzsystemen. Unsere L\u00f6sungen gew\u00e4hrleisten eine nahtlose Stromversorgung, Lastverteilung und einen verbesserten Systemschutz, der auf die wachsenden Anforderungen der modernen elektrischen Infrastruktur zugeschnitten ist.\n<\/div>\n<\/div><div class=\"bde-column-1812-122 bde-column\">\n  \n  \n\t\n\n\n\n\n<\/div><\/div><div class=\"bde-columns-1812-123 bde-columns\" data-entrance=\"slideRight\"><div class=\"bde-column-1812-124 bde-column\">\n  \n  \n\t\n\n\n\n\n<\/div><div class=\"bde-column-1812-125 bde-column\">\n  \n  \n\t\n\n\n\n<h3 class=\"bde-heading-1812-126 bde-heading\">\nEV-Ladeinfrastruktur\n<\/h3><div class=\"bde-text-1812-127 bde-text\">\nDer \u00dcbergang zur Elektromobilit\u00e4t erfordert eine intelligente, skalierbare und zukunftssichere Ladeinfrastruktur. Wir \u00fcbernehmen die Planung, Installation und Integration von E-Ladestationen f\u00fcr kommerzielle, industrielle und \u00f6ffentliche Anwendungen. Unser Fachwissen gew\u00e4hrleistet eine effiziente Netzanbindung, intelligentes Lastmanagement und die Einhaltung von Branchenvorschriften \u2013 und unterst\u00fctzt so den Ausbau nachhaltiger Verkehrsnetze.\n<\/div>\n<\/div><\/div><\/div>\n<\/section><section id=\"energy-storage-solutions\" class=\"bde-section-1812-128 bde-section\" data-entrance=\"slideUp\">\n  \n  \n\t\n\n\n\n<div class=\"section-container\"><div class=\"bde-div-1812-129 bde-div\">\n  \n  \n\t\n\n\n\n<h3 class=\"bde-heading-1812-130 bde-heading\">\nMit starken Partnern in Deutschland\n<\/h3><div class=\"bde-text-1812-131 bde-text\">\nHGC Elektrotechnik liefert ma\u00dfgeschneiderte Netzl\u00f6sungen, die Konformit\u00e4t, Effizienz und langfristige Zuverl\u00e4ssigkeit gew\u00e4hrleisten. Ganz gleich, ob Sie eine komplette EPC-L\u00f6sung, eine Einzelleistung oder spezielle technische Unterst\u00fctzung ben\u00f6tigen, wir sind Ihr zuverl\u00e4ssiger Partner bei der Entwicklung der Netzinfrastruktur.\n<\/div><div class=\"bde-button-1812-132 bde-button\">\n    \n                        \n                        \n    \n    \n    \n    \n            \n                    \n            \n            \n\n    \n    \n    \n    \n    \n    <a class=\"breakdance-link button-atom button-atom--primary bde-button__button\" href=\"https:\/\/hgc-elektrotechnik.com\/de\/dienstleistungen\/epc-dienstleistungen\/\" target=\"_self\" data-type=\"url\"  >\n\n    \n        <span class=\"button-atom__text\">Entdecken Sie unsere EPC- und Stand-alone-Dienstleistungen<\/span>\n\n        \n        \n                <\/a>\n\n    \n\n\n<\/div>\n<\/div><\/div>\n<\/section><section class=\"bde-section-1812-143 bde-section\">\n  \n  \n\t\n\n\n\n<div class=\"section-container\"><h2 class=\"bde-heading-1812-144 bde-heading\">\nWeitere L\u00f6sungen\n<\/h2><div class=\"bde-grid-1812-145 bde-grid\" data-entrance=\"slideUp\">\n  \n  \n\t\n\n\n\n<div class=\"bde-div-1812-146 bde-div\">\n              \n  \n  \n\t\n\n  <div class=\"section-background-overlay\"><\/div>\n\n\n<h3 class=\"bde-heading-1812-147 bde-heading\">\nErneuerbare Energie\n<\/h3><div class=\"bde-button-1812-148 bde-button\">\n    \n                        \n                        \n    \n    \n    \n    \n            \n                    \n            \n            \n\n    \n    \n    \n    \n    \n    <a class=\"breakdance-link button-atom button-atom--text bde-button__button\" href=\"https:\/\/hgc-elektrotechnik.com\/de\/loesungen\/erneuerbare-energie\/\" target=\"_self\" data-type=\"url\"  >\n\n    \n        <span class=\"button-atom__text\">Mehr erfahren<\/span>\n\n        \n                    \n    <span class=\"button-atom__icon-wrapper\">\n\n        \n            <svg class=\"un-arrow-icon\" width=\"10\" height=\"10\" viewBox=\"0 0 10 10\" aria-hidden=\"true\">\n                <g fill-rule=\"evenodd\">\n                    <path class=\"un-arrow-icon_line\" d=\"M0 5h7\"><\/path>\n                    <path class=\"un-arrow-icon_arrow\" d=\"M1 1l4 4-4 4\"><\/path>\n                <\/g>\n            <\/svg>\n\n        \n    <\/span>\n\n\n        \n                <\/a>\n\n    \n\n\n<\/div>\n<\/div><div class=\"bde-div-1812-149 bde-div\">\n              \n  \n  \n\t\n\n  <div class=\"section-background-overlay\"><\/div>\n\n\n<h3 class=\"bde-heading-1812-150 bde-heading\">\nIndustrielle Wasseraufbereitung\n<\/h3><div class=\"bde-button-1812-151 bde-button\">\n    \n                        \n                        \n    \n    \n    \n    \n            \n                    \n            \n            \n\n    \n    \n    \n    \n    \n    <a class=\"breakdance-link button-atom button-atom--text bde-button__button\" href=\"https:\/\/hgc-elektrotechnik.com\/de\/loesungen\/industrielle-wasseraufbereitung\/\" target=\"_self\" data-type=\"url\"  >\n\n    \n        <span class=\"button-atom__text\">Mehr erfahren<\/span>\n\n        \n                    \n    <span class=\"button-atom__icon-wrapper\">\n\n        \n            <svg class=\"un-arrow-icon\" width=\"10\" height=\"10\" viewBox=\"0 0 10 10\" aria-hidden=\"true\">\n                <g fill-rule=\"evenodd\">\n                    <path class=\"un-arrow-icon_line\" d=\"M0 5h7\"><\/path>\n                    <path class=\"un-arrow-icon_arrow\" d=\"M1 1l4 4-4 4\"><\/path>\n                <\/g>\n            <\/svg>\n\n        \n    <\/span>\n\n\n        \n                <\/a>\n\n    \n\n\n<\/div>\n<\/div><div class=\"bde-div-1812-152 bde-div\">\n              \n  \n  \n\t\n\n  <div class=\"section-background-overlay\"><\/div>\n\n\n<h3 class=\"bde-heading-1812-153 bde-heading\">\nWeitere elektrische L\u00f6sungen\n<\/h3><div class=\"bde-button-1812-154 bde-button\">\n    \n                        \n                        \n    \n    \n    \n    \n            \n                    \n            \n            \n\n    \n    \n    \n    \n    \n    <a class=\"breakdance-link button-atom button-atom--text bde-button__button\" href=\"https:\/\/hgc-elektrotechnik.com\/de\/loesungen\/weitere-elektrische-loesungen\/\" target=\"_self\" data-type=\"url\"  >\n\n    \n        <span class=\"button-atom__text\">Mehr erfahren<\/span>\n\n        \n                    \n    <span class=\"button-atom__icon-wrapper\">\n\n        \n            <svg class=\"un-arrow-icon\" width=\"10\" height=\"10\" viewBox=\"0 0 10 10\" aria-hidden=\"true\">\n                <g fill-rule=\"evenodd\">\n                    <path class=\"un-arrow-icon_line\" d=\"M0 5h7\"><\/path>\n                    <path class=\"un-arrow-icon_arrow\" d=\"M1 1l4 4-4 4\"><\/path>\n                <\/g>\n            <\/svg>\n\n        \n    <\/span>\n\n\n        \n                <\/a>\n\n    \n\n\n<\/div>\n<\/div>\n<\/div><\/div>\n<\/section><section class=\"bde-section-1812-133 bde-section\">\n  \n  \n\t\n\n\n\n        <div class=\"section-shape-divider-wrapper section-shape-divider-wrapper--1\">\n          <span class=\"section-shape-divider\">\n                      <svg\n                xmlns=\"http:\/\/www.w3.org\/2000\/svg\"\n                viewBox=\"0 0 1440 320\"\n                preserveAspectRatio=\"none\"\n            >\n              \n            <\/svg>\n                    <\/span>\n      <\/div>\n  <div class=\"section-container\"><div class=\"bde-columns-1812-134 bde-columns\"><div class=\"bde-column-1812-135 bde-column\">\n  \n  \n\t\n\n\n\n<h2 class=\"bde-heading-1812-136 bde-heading\">\nLassen Sie uns das Netz gemeinsam betreiben!\n<\/h2><div class=\"bde-text-1812-137 bde-text\">\nWir helfen Ihnen gerne weiter und informieren Sie in einem pers\u00f6nlichen Gespr\u00e4ch.\n<\/div><div class=\"bde-div-1812-138 bde-div\">\n  \n  \n\t\n\n\n\n<div class=\"bde-button-1812-139 bde-button bde-preset-3e798053-6f0d-410b-ae2f-faeffc632880\">\n    \n                        \n                        \n    \n    \n    \n    \n            \n                    \n            \n            \n\n    \n    \n    \n    \n    \n    <a class=\"breakdance-link button-atom button-atom--custom bde-button__button\" href=\"https:\/\/hgc-elektrotechnik.com\/de\/kontakt\/\" target=\"_self\" data-type=\"url\"  >\n\n    \n        <span class=\"button-atom__text\">Jetzt kontaktieren<\/span>\n\n        \n        \n                <\/a>\n\n    \n\n\n<\/div>\n<\/div>\n<\/div><div class=\"bde-column-1812-140 bde-column\">\n  \n  \n\t\n\n\n\n<div class=\"bde-masker-1812-141 bde-masker\"><img decoding=\"async\" class=\"bde-image2-1812-142 bde-image2\" src=\"https:\/\/hgc-elektrotechnik.com\/wp-content\/uploads\/2025\/04\/Contact-scaled.webp\" alt=\"Contact\" loading=\"lazy\" srcset=\"https:\/\/hgc-elektrotechnik.com\/wp-content\/uploads\/2025\/04\/Contact-scaled.webp 2560w, https:\/\/hgc-elektrotechnik.com\/wp-content\/uploads\/2025\/04\/Contact-300x149.webp 300w, https:\/\/hgc-elektrotechnik.com\/wp-content\/uploads\/2025\/04\/Contact-1024x509.webp 1024w, https:\/\/hgc-elektrotechnik.com\/wp-content\/uploads\/2025\/04\/Contact-768x382.webp 768w, https:\/\/hgc-elektrotechnik.com\/wp-content\/uploads\/2025\/04\/Contact-1536x763.webp 1536w, https:\/\/hgc-elektrotechnik.com\/wp-content\/uploads\/2025\/04\/Contact-2048x1018.webp 2048w\" sizes=\"(max-width: 2560px) 100vw, 2560px\">\r\n<\/div>\n<\/div><\/div><\/div>\n<\/section>","protected":false},"excerpt":{"rendered":"<p>Zuverl\u00e4ssige &#038; skalierbare Infrastruktur-L\u00f6sungen Energie f\u00fcr die Zukunft mit EPC- und Field Services-Experten Jetzt kontaktieren Stabile und skalierbare Energiel\u00f6sungen Wir bieten sowohl EPC- als auch Einzell\u00f6sungen f\u00fcr Umspannwerke, Verteilnetze und Ladeinfrastruktur f\u00fcr Elektrofahrzeuge an. Wir liefern zuverl\u00e4ssige, skalierbare und zukunftssichere Strominfrastrukturl\u00f6sungen f\u00fcr Versorgungsunternehmen, Industrieanlagen und Projekte im Bereich der erneuerbaren Energien. Umspannwerke (luft- und gasisoliert) [&hellip;]<\/p>\n","protected":false},"author":2,"featured_media":0,"parent":1808,"menu_order":0,"comment_status":"closed","ping_status":"closed","template":"","meta":{"_breakdance_hide_in_design_set":false,"_breakdance_tags":"","footnotes":""},"class_list":["post-1812","page","type-page","status-publish","hentry"],"_links":{"self":[{"href":"https:\/\/hgc-elektrotechnik.com\/de\/wp-json\/wp\/v2\/pages\/1812","targetHints":{"allow":["GET"]}}],"collection":[{"href":"https:\/\/hgc-elektrotechnik.com\/de\/wp-json\/wp\/v2\/pages"}],"about":[{"href":"https:\/\/hgc-elektrotechnik.com\/de\/wp-json\/wp\/v2\/types\/page"}],"author":[{"embeddable":true,"href":"https:\/\/hgc-elektrotechnik.com\/de\/wp-json\/wp\/v2\/users\/2"}],"replies":[{"embeddable":true,"href":"https:\/\/hgc-elektrotechnik.com\/de\/wp-json\/wp\/v2\/comments?post=1812"}],"version-history":[{"count":12,"href":"https:\/\/hgc-elektrotechnik.com\/de\/wp-json\/wp\/v2\/pages\/1812\/revisions"}],"predecessor-version":[{"id":2198,"href":"https:\/\/hgc-elektrotechnik.com\/de\/wp-json\/wp\/v2\/pages\/1812\/revisions\/2198"}],"up":[{"embeddable":true,"href":"https:\/\/hgc-elektrotechnik.com\/de\/wp-json\/wp\/v2\/pages\/1808"}],"wp:attachment":[{"href":"https:\/\/hgc-elektrotechnik.com\/de\/wp-json\/wp\/v2\/media?parent=1812"}],"curies":[{"name":"wp","href":"https:\/\/api.w.org\/{rel}","templated":true}]}}