{"id":1818,"date":"2025-04-30T11:32:00","date_gmt":"2025-04-30T11:32:00","guid":{"rendered":"https:\/\/hgc-elektrotechnik.com\/loesungen\/other-electrical-solutions\/"},"modified":"2025-07-22T15:42:55","modified_gmt":"2025-07-22T15:42:55","slug":"weitere-elektrische-loesungen","status":"publish","type":"page","link":"https:\/\/hgc-elektrotechnik.com\/de\/loesungen\/weitere-elektrische-loesungen\/","title":{"rendered":"Weitere elektrische L\u00f6sungen"},"content":{"rendered":"<section id=\"company-information\" class=\"bde-section-1818-100 bde-section\">\n              \n  \n  \n\t\n\n  <div class=\"section-background-overlay\"><\/div>\n\n\n<div class=\"section-container\"><div class=\"bde-div-1818-101 bde-div\">\n  \n  \n\t\n\n\n\n<h1 class=\"bde-heading-1818-102 bde-heading\">\nMa\u00dfgeschneiderte elektrische L\u00f6sungen f\u00fcr moderne Einrichtungen\n<\/h1><div class=\"bde-text-1818-103 bde-text\">\nJahrzehntelange Erfahrung und praktisches technisches Fachwissen in den Bereichen Energie-, Automatisierungs- und Sicherheitssysteme sind die Grundlage daf\u00fcr.\n<\/div><div class=\"bde-button-1818-104 bde-button\">\n    \n                        \n                        \n    \n    \n    \n    \n            \n                    \n            \n            \n\n    \n    \n    \n    \n    \n    <a class=\"breakdance-link button-atom button-atom--primary bde-button__button\" href=\"https:\/\/hgc-elektrotechnik.com\/de\/kontakt\/\" target=\"_self\" data-type=\"url\"  >\n\n    \n        <span class=\"button-atom__text\">Jetzt kontaktieren<\/span>\n\n        \n        \n                <\/a>\n\n    \n\n\n<\/div>\n<\/div><\/div>\n<\/section><section class=\"bde-section-1818-105 bde-section\">\n  \n  \n\t\n\n\n\n<div class=\"section-container\"><h2 class=\"bde-heading-1818-106 bde-heading\">\nIntelligente elektrische L\u00f6sungen f\u00fcr Geb\u00e4ude, die Leistung bringen\n<\/h2><div class=\"bde-text-1818-107 bde-text\">\nMit \u00fcber 34 Jahren Branchenerfahrung liefert HGC Elektrotechnik hochwertige elektrische Systeme f\u00fcr Wohn-, Gewerbe- und Industriegeb\u00e4ude \u2013 ma\u00dfgeschneidert auf Ihre Anforderungen. Unser Leistungsbereich umfasst Nieder- und Mittelspannungsanlagen sowie moderne Automatisierungs-, Sicherheits- und Kommunikationsl\u00f6sungen, die Funktionalit\u00e4t, Benutzerkomfort und die Einhaltung technischer Vorschriften vereinen.<br><br>Ob Wohnkomplexe, B\u00fcrogeb\u00e4ude, Logistikzentren oder Produktionsst\u00e4tten \u2013 wir bringen technisches Know-how und praxisorientierte Planung in jedes Projekt ein. Unser Ziel: langlebige, pr\u00e4zise konstruierte Systeme, die zuverl\u00e4ssig funktionieren und nachhaltig wirken.\n<\/div><\/div>\n<\/section><section class=\"bde-section-1818-108 bde-section\">\n  \n  \n\t\n\n\n\n<div class=\"section-container\"><h2 class=\"bde-heading-1818-139 bde-heading\">\nUnsere Schwerpunkte im \u00dcberblick\n<\/h2><div class=\"bde-columns-1818-109 bde-columns\" data-entrance=\"slideLeft\"><div class=\"bde-column-1818-110 bde-column\">\n  \n  \n\t\n\n\n\n\n<\/div><div class=\"bde-column-1818-111 bde-column\">\n  \n  \n\t\n\n\n\n<h3 class=\"bde-heading-1818-112 bde-heading\">\nNieder- und Mittelspannungsstromsysteme\n<\/h3><ul class=\"bde-basic-list-1818-113 bde-basic-list\">\n  <li  >    \n          <strong>Umspannwerke und Stromverteilungssysteme<\/strong><br>Sichere Stromversorgung f\u00fcr Geb\u00e4ude und Anlagen\n      <\/li>\n  <li  >    \n          <strong>Stromschienensysteme<\/strong><br>Effiziente Energieverteilung bei hoher Last\n      <\/li>\n  <li  >    \n          <strong>Kabelmanagement und Installation<\/strong><br>Strukturierte Kabelf\u00fchrung und fachgerechte Montage\n      <\/li>\n  <li  >    \n          <strong>Steckdosen- und Schaltanlagen<\/strong><br>Individuelle L\u00f6sungen f\u00fcr gewerbliche und industrielle Anwendungen\n      <\/li>\n<\/ul>\n<\/div><\/div><div class=\"bde-columns-1818-114 bde-columns\" data-entrance=\"slideRight\"><div class=\"bde-column-1818-115 bde-column\">\n  \n  \n\t\n\n\n\n<h3 class=\"bde-heading-1818-116 bde-heading\">\nDaten- & Sicherheitssysteme\n<\/h3><ul class=\"bde-basic-list-1818-117 bde-basic-list\">\n  <li  >    \n          <strong>Brandmelde- und Alarmsysteme<\/strong><br>Umsetzung aktueller Brandschutzstandards\n      <\/li>\n  <li  >    \n          <strong>CCTV & \u00dcberwachungssysteme<\/strong><br>Visuelle Kontrolle f\u00fcr mehr Sicherheit\n      <\/li>\n  <li  >    \n          <strong>Daten- und Kommunikationsnetze<\/strong><br>Zuverl\u00e4ssige IT- und Telekommunikationsinfrastruktur\n      <\/li>\n  <li  >    \n          <strong>PA- und Intercom-Systeme<\/strong><br>Sprach- und Durchsagesysteme f\u00fcr Gro\u00dfanlagen\n      <\/li>\n<\/ul>\n<\/div><div class=\"bde-column-1818-118 bde-column\">\n  \n  \n\t\n\n\n\n\n<\/div><\/div><div class=\"bde-columns-1818-119 bde-columns\" data-entrance=\"slideLeft\"><div class=\"bde-column-1818-120 bde-column\">\n  \n  \n\t\n\n\n\n\n<\/div><div class=\"bde-column-1818-121 bde-column\">\n  \n  \n\t\n\n\n\n<h3 class=\"bde-heading-1818-122 bde-heading\">\nGeb\u00e4udeautomations- und Managementsysteme (GMS)\n<\/h3><ul class=\"bde-basic-list-1818-123 bde-basic-list\">\n  <li  >    \n          <strong>Beleuchtungsautomatisierung<\/strong><br>Energieeffiziente Steuerung von Innen- und Au\u00dfenbeleuchtung\n      <\/li>\n  <li  >    \n          <strong>HVAC- & Energie\u00fcberwachungssysteme<\/strong><br>Optimierung von Energieverbrauch und Geb\u00e4udeeffizienz\n      <\/li>\n  <li  >    \n          <strong>Beschattung und Klimasteuerung<\/strong><br>Automatisierte L\u00f6sungen f\u00fcr Komfort und Raumklima\n      <\/li>\n<\/ul>\n<\/div><\/div><\/div>\n<\/section><section class=\"bde-section-1818-152 bde-section\">\n  \n  \n\t\n\n\n\n<div class=\"section-container\"><h2 class=\"bde-heading-1818-153 bde-heading\">\nRelated Solutions\n<\/h2><div class=\"bde-grid-1818-154 bde-grid\" data-entrance=\"slideUp\">\n  \n  \n\t\n\n\n\n<div class=\"bde-div-1818-155 bde-div\">\n              \n  \n  \n\t\n\n  <div class=\"section-background-overlay\"><\/div>\n\n\n<h3 class=\"bde-heading-1818-156 bde-heading\">\nErneuerbare Energie\n<\/h3><div class=\"bde-button-1818-157 bde-button\">\n    \n                        \n                        \n    \n    \n    \n    \n            \n                    \n            \n            \n\n    \n    \n    \n    \n    \n    <a class=\"breakdance-link button-atom button-atom--text bde-button__button\" href=\"https:\/\/hgc-elektrotechnik.com\/de\/loesungen\/erneuerbare-energie\/\" target=\"_self\" data-type=\"url\"  >\n\n    \n        <span class=\"button-atom__text\">Mehr erfahren<\/span>\n\n        \n                    \n    <span class=\"button-atom__icon-wrapper\">\n\n        \n            <svg class=\"un-arrow-icon\" width=\"10\" height=\"10\" viewBox=\"0 0 10 10\" aria-hidden=\"true\">\n                <g fill-rule=\"evenodd\">\n                    <path class=\"un-arrow-icon_line\" d=\"M0 5h7\"><\/path>\n                    <path class=\"un-arrow-icon_arrow\" d=\"M1 1l4 4-4 4\"><\/path>\n                <\/g>\n            <\/svg>\n\n        \n    <\/span>\n\n\n        \n                <\/a>\n\n    \n\n\n<\/div>\n<\/div><div class=\"bde-div-1818-158 bde-div\">\n              \n  \n  \n\t\n\n  <div class=\"section-background-overlay\"><\/div>\n\n\n<h3 class=\"bde-heading-1818-159 bde-heading\">\nNetzinfrastruktur\n<\/h3><div class=\"bde-button-1818-160 bde-button\">\n    \n                        \n                        \n    \n    \n    \n    \n            \n                    \n            \n            \n\n    \n    \n    \n    \n    \n    <a class=\"breakdance-link button-atom button-atom--text bde-button__button\" href=\"https:\/\/hgc-elektrotechnik.com\/de\/loesungen\/netzinfrastruktur\/\" target=\"_self\" data-type=\"url\"  >\n\n    \n        <span class=\"button-atom__text\">Mehr erfahren<\/span>\n\n        \n                    \n    <span class=\"button-atom__icon-wrapper\">\n\n        \n            <svg class=\"un-arrow-icon\" width=\"10\" height=\"10\" viewBox=\"0 0 10 10\" aria-hidden=\"true\">\n                <g fill-rule=\"evenodd\">\n                    <path class=\"un-arrow-icon_line\" d=\"M0 5h7\"><\/path>\n                    <path class=\"un-arrow-icon_arrow\" d=\"M1 1l4 4-4 4\"><\/path>\n                <\/g>\n            <\/svg>\n\n        \n    <\/span>\n\n\n        \n                <\/a>\n\n    \n\n\n<\/div>\n<\/div><div class=\"bde-div-1818-161 bde-div\">\n              \n  \n  \n\t\n\n  <div class=\"section-background-overlay\"><\/div>\n\n\n<h3 class=\"bde-heading-1818-162 bde-heading\">\nIndustrielle Wasseraufbereitung\n<\/h3><div class=\"bde-button-1818-163 bde-button\">\n    \n                        \n                        \n    \n    \n    \n    \n            \n                    \n            \n            \n\n    \n    \n    \n    \n    \n    <a class=\"breakdance-link button-atom button-atom--text bde-button__button\" href=\"https:\/\/hgc-elektrotechnik.com\/de\/loesungen\/industrielle-wasseraufbereitung\/\" target=\"_self\" data-type=\"url\"  >\n\n    \n        <span class=\"button-atom__text\">Mehr erfahren<\/span>\n\n        \n                    \n    <span class=\"button-atom__icon-wrapper\">\n\n        \n            <svg class=\"un-arrow-icon\" width=\"10\" height=\"10\" viewBox=\"0 0 10 10\" aria-hidden=\"true\">\n                <g fill-rule=\"evenodd\">\n                    <path class=\"un-arrow-icon_line\" d=\"M0 5h7\"><\/path>\n                    <path class=\"un-arrow-icon_arrow\" d=\"M1 1l4 4-4 4\"><\/path>\n                <\/g>\n            <\/svg>\n\n        \n    <\/span>\n\n\n        \n                <\/a>\n\n    \n\n\n<\/div>\n<\/div>\n<\/div><\/div>\n<\/section><section class=\"bde-section-1818-142 bde-section\">\n  \n  \n\t\n\n\n\n        <div class=\"section-shape-divider-wrapper section-shape-divider-wrapper--1\">\n          <span class=\"section-shape-divider\">\n                      <svg\n                xmlns=\"http:\/\/www.w3.org\/2000\/svg\"\n                viewBox=\"0 0 1440 320\"\n                preserveAspectRatio=\"none\"\n            >\n              \n            <\/svg>\n                    <\/span>\n      <\/div>\n  <div class=\"section-container\"><div class=\"bde-columns-1818-143 bde-columns\"><div class=\"bde-column-1818-144 bde-column\">\n  \n  \n\t\n\n\n\n<h2 class=\"bde-heading-1818-145 bde-heading\">\nNoch Fragen? Wir sind f\u00fcr Sie da.\n<\/h2><div class=\"bde-text-1818-146 bde-text\">\nWir helfen Ihnen gerne weiter und informieren Sie in einem pers\u00f6nlichen Gespr\u00e4ch.\n<\/div><div class=\"bde-div-1818-147 bde-div\">\n  \n  \n\t\n\n\n\n<div class=\"bde-button-1818-148 bde-button bde-preset-3e798053-6f0d-410b-ae2f-faeffc632880\">\n    \n                        \n                        \n    \n    \n    \n    \n            \n                    \n            \n            \n\n    \n    \n    \n    \n    \n    <a class=\"breakdance-link button-atom button-atom--custom bde-button__button\" href=\"https:\/\/hgc-elektrotechnik.com\/de\/kontakt\/\" target=\"_self\" data-type=\"url\"  >\n\n    \n        <span class=\"button-atom__text\">Jetzt kontaktieren<\/span>\n\n        \n        \n                <\/a>\n\n    \n\n\n<\/div>\n<\/div>\n<\/div><div class=\"bde-column-1818-149 bde-column\">\n  \n  \n\t\n\n\n\n<div class=\"bde-masker-1818-150 bde-masker\"><img decoding=\"async\" class=\"bde-image2-1818-151 bde-image2\" src=\"https:\/\/hgc-elektrotechnik.com\/wp-content\/uploads\/2025\/04\/Contact-scaled.webp\" alt=\"Contact\" loading=\"lazy\" srcset=\"https:\/\/hgc-elektrotechnik.com\/wp-content\/uploads\/2025\/04\/Contact-scaled.webp 2560w, https:\/\/hgc-elektrotechnik.com\/wp-content\/uploads\/2025\/04\/Contact-300x149.webp 300w, https:\/\/hgc-elektrotechnik.com\/wp-content\/uploads\/2025\/04\/Contact-1024x509.webp 1024w, https:\/\/hgc-elektrotechnik.com\/wp-content\/uploads\/2025\/04\/Contact-768x382.webp 768w, https:\/\/hgc-elektrotechnik.com\/wp-content\/uploads\/2025\/04\/Contact-1536x763.webp 1536w, https:\/\/hgc-elektrotechnik.com\/wp-content\/uploads\/2025\/04\/Contact-2048x1018.webp 2048w\" sizes=\"(max-width: 2560px) 100vw, 2560px\">\r\n<\/div>\n<\/div><\/div><\/div>\n<\/section>","protected":false},"excerpt":{"rendered":"<p>Ma\u00dfgeschneiderte elektrische L\u00f6sungen f\u00fcr moderne Einrichtungen Jahrzehntelange Erfahrung und praktisches technisches Fachwissen in den Bereichen Energie-, Automatisierungs- und Sicherheitssysteme sind die Grundlage daf\u00fcr. Jetzt kontaktieren Intelligente elektrische L\u00f6sungen f\u00fcr Geb\u00e4ude, die Leistung bringen Mit \u00fcber 34 Jahren Branchenerfahrung liefert HGC Elektrotechnik hochwertige elektrische Systeme f\u00fcr Wohn-, Gewerbe- und Industriegeb\u00e4ude \u2013 ma\u00dfgeschneidert auf Ihre Anforderungen. Unser [&hellip;]<\/p>\n","protected":false},"author":2,"featured_media":0,"parent":1808,"menu_order":0,"comment_status":"closed","ping_status":"closed","template":"","meta":{"_breakdance_hide_in_design_set":false,"_breakdance_tags":"","footnotes":""},"class_list":["post-1818","page","type-page","status-publish","hentry"],"_links":{"self":[{"href":"https:\/\/hgc-elektrotechnik.com\/de\/wp-json\/wp\/v2\/pages\/1818","targetHints":{"allow":["GET"]}}],"collection":[{"href":"https:\/\/hgc-elektrotechnik.com\/de\/wp-json\/wp\/v2\/pages"}],"about":[{"href":"https:\/\/hgc-elektrotechnik.com\/de\/wp-json\/wp\/v2\/types\/page"}],"author":[{"embeddable":true,"href":"https:\/\/hgc-elektrotechnik.com\/de\/wp-json\/wp\/v2\/users\/2"}],"replies":[{"embeddable":true,"href":"https:\/\/hgc-elektrotechnik.com\/de\/wp-json\/wp\/v2\/comments?post=1818"}],"version-history":[{"count":12,"href":"https:\/\/hgc-elektrotechnik.com\/de\/wp-json\/wp\/v2\/pages\/1818\/revisions"}],"predecessor-version":[{"id":2196,"href":"https:\/\/hgc-elektrotechnik.com\/de\/wp-json\/wp\/v2\/pages\/1818\/revisions\/2196"}],"up":[{"embeddable":true,"href":"https:\/\/hgc-elektrotechnik.com\/de\/wp-json\/wp\/v2\/pages\/1808"}],"wp:attachment":[{"href":"https:\/\/hgc-elektrotechnik.com\/de\/wp-json\/wp\/v2\/media?parent=1818"}],"curies":[{"name":"wp","href":"https:\/\/api.w.org\/{rel}","templated":true}]}}