{"id":1827,"date":"2025-04-30T11:40:43","date_gmt":"2025-04-30T11:40:43","guid":{"rendered":"https:\/\/hgc-elektrotechnik.com\/services\/"},"modified":"2025-07-22T15:47:21","modified_gmt":"2025-07-22T15:47:21","slug":"dienstleistungen","status":"publish","type":"page","link":"https:\/\/hgc-elektrotechnik.com\/de\/dienstleistungen\/","title":{"rendered":"Dienstleistungen"},"content":{"rendered":"<section id=\"intro\" class=\"bde-section-1827-100 bde-section\">\n              \n  \n  \n\t\n\n  <div class=\"section-background-overlay\"><\/div>\n\n\n<div class=\"section-container\"><div class=\"bde-div-1827-101 bde-div\">\n  \n  \n\t\n\n\n\n<h1 class=\"bde-heading-1827-102 bde-heading\">\nUnsere\u00a0Dienstleistungen\n<\/h1><div class=\"bde-text-1827-103 bde-text\">\nUmfassende Dienstleistungen f\u00fcr jede Phase Ihrer Energie- und Infrastrukturprojekte\n<\/div><div class=\"bde-button-1827-104 bde-button\">\n    \n                        \n                        \n    \n    \n    \n    \n            \n                    \n            \n            \n\n    \n    \n    \n    \n    \n    <a class=\"breakdance-link button-atom button-atom--primary bde-button__button\" href=\"https:\/\/hgc-elektrotechnik.com\/de\/kontakt\/\" target=\"_self\" data-type=\"url\"  >\n\n    \n        <span class=\"button-atom__text\">Jetzt kontaktieren<\/span>\n\n        \n        \n                <\/a>\n\n    \n\n\n<\/div>\n<\/div><\/div>\n<\/section><section id=\"energy-storage-solutions\" class=\"bde-section-1827-105 bde-section\">\n  \n  \n\t\n\n\n\n<div class=\"section-container\"><h2 class=\"bde-heading-1827-106 bde-heading\">\n\u00dcbersicht\n<\/h2><div id=\"key-developement-services\" class=\"bde-text-1827-107 bde-text\">\nDie HGC Elektrotechnik GmbH bietet ein umfassendes Spektrum an Dienstleistungen, die auf die sich stetig wandelnden Anforderungen der Energie- und\u00a0Infrastruktursektoren zugeschnitten sind. Von der fr\u00fchen Projektentwicklung bis hin zum Vor-Ort-Service liefert unser Team hochwertige, ma\u00dfgeschneiderte L\u00f6sungen. Dabei stehen Kundenzufriedenheit, Projekterfolg und langfristige Zuverl\u00e4ssigkeit im Mittelpunkt unseres Handelns. Durch\u00a0Innovation, Flexibilit\u00e4t und einen ganzheitlichen Ansatz unterst\u00fctzen wir unsere Kunden dabei, nachhaltige und zukunftssichere Projekte erfolgreich umzusetzen.\n<\/div><\/div>\n<\/section><section class=\"bde-section-1827-108 bde-section\">\n  \n  \n\t\n\n\n\n<div class=\"section-container\"><div class=\"bde-grid-1827-109 bde-grid\">\n  \n  \n\t\n\n\n\n<div class=\"bde-div-1827-110 bde-div\">\n  \n  \n\t\n\n\n\n<div class=\"bde-image-hover-card-1827-111 bde-image-hover-card\">\n           \n            \n            \n\n    \n    \n    \n    \n    \n    <a class=\"breakdance-link\" href=\"https:\/\/hgc-elektrotechnik.com\/de\/dienstleistungen\/projektentwicklung\/\" target=\"_self\" data-type=\"url\"  >\n\n<figure class=\"ee-imagehover c4-izmir  c4-image-zoom-in\">\n    <img decoding=\"async\" class=\"breakdance-image-object\" src=\"https:\/\/hgc-elektrotechnik.com\/wp-content\/uploads\/2025\/04\/HGC-Elektrotechnik-Services-Project-Developement_1.webp\" width=\"1600\" height=\"550\" srcset=\"https:\/\/hgc-elektrotechnik.com\/wp-content\/uploads\/2025\/04\/HGC-Elektrotechnik-Services-Project-Developement_1.webp 1600w, https:\/\/hgc-elektrotechnik.com\/wp-content\/uploads\/2025\/04\/HGC-Elektrotechnik-Services-Project-Developement_1-300x103.webp 300w, https:\/\/hgc-elektrotechnik.com\/wp-content\/uploads\/2025\/04\/HGC-Elektrotechnik-Services-Project-Developement_1-1024x352.webp 1024w, https:\/\/hgc-elektrotechnik.com\/wp-content\/uploads\/2025\/04\/HGC-Elektrotechnik-Services-Project-Developement_1-768x264.webp 768w, https:\/\/hgc-elektrotechnik.com\/wp-content\/uploads\/2025\/04\/HGC-Elektrotechnik-Services-Project-Developement_1-1536x528.webp 1536w\" sizes=\"auto, (max-width: 1600px) 100vw, 1600px\" alt=\"HGC Elektrotechnik - Services - Project Developement\" loading=\"lazy\">\n  <figcaption class=\"c4-layout-bottom-left\">\n      <\/figcaption>\n<\/figure>\n      <\/a>\n\n<\/div><div class=\"bde-div-1827-112 bde-div\">\n  \n  \n\t\n\n\n\n<h3 class=\"bde-heading-1827-113 bde-heading\">\n<a href=\"https:\/\/hgc-elektrotechnik.com\/de\/dienstleistungen\/projektentwicklung\/\">Projektentwicklung<\/a>\n<\/h3><div class=\"bde-text-1827-114 bde-text\">\nWir begleiten die fr\u00fche Planungsphase mit Machbarkeitsstudien, technischem Design und beh\u00f6rdlicher Koordination \u2013 und schaffen damit eine solide Basis f\u00fcr erfolgreiche Energie- und Infrastrukturprojekte.\n<\/div><div class=\"bde-button-1827-115 bde-button bde-preset-37ec837c-6409-4b85-ae5f-fab56a0c342e\">\n    \n                        \n                        \n    \n    \n    \n    \n            \n                    \n            \n            \n\n    \n    \n    \n    \n    \n    <a class=\"breakdance-link button-atom button-atom--text bde-button__button\" href=\"https:\/\/hgc-elektrotechnik.com\/de\/dienstleistungen\/projektentwicklung\/\" target=\"_self\" data-type=\"url\"  >\n\n    \n        <span class=\"button-atom__text\">Mehr erfahren<\/span>\n\n        \n                    \n    <span class=\"button-atom__icon-wrapper\">\n\n        \n            <svg class=\"un-arrow-icon\" width=\"10\" height=\"10\" viewBox=\"0 0 10 10\" aria-hidden=\"true\">\n                <g fill-rule=\"evenodd\">\n                    <path class=\"un-arrow-icon_line\" d=\"M0 5h7\"><\/path>\n                    <path class=\"un-arrow-icon_arrow\" d=\"M1 1l4 4-4 4\"><\/path>\n                <\/g>\n            <\/svg>\n\n        \n    <\/span>\n\n\n        \n                <\/a>\n\n    \n\n\n<\/div>\n<\/div>\n<\/div><div class=\"bde-div-1827-116 bde-div\">\n  \n  \n\t\n\n\n\n<div class=\"bde-image-hover-card-1827-117 bde-image-hover-card\">\n           \n            \n            \n\n    \n    \n    \n    \n    \n    <a class=\"breakdance-link\" href=\"https:\/\/hgc-elektrotechnik.com\/de\/dienstleistungen\/epc-dienstleistungen\/\" target=\"_self\" data-type=\"url\"  >\n\n<figure class=\"ee-imagehover c4-izmir  c4-image-zoom-in\">\n    <img decoding=\"async\" class=\"breakdance-image-object\" src=\"https:\/\/hgc-elektrotechnik.com\/wp-content\/uploads\/2025\/04\/HGC-Elektrotechnik-Services-EPC-Services_1.webp\" width=\"1600\" height=\"550\" srcset=\"https:\/\/hgc-elektrotechnik.com\/wp-content\/uploads\/2025\/04\/HGC-Elektrotechnik-Services-EPC-Services_1.webp 1600w, https:\/\/hgc-elektrotechnik.com\/wp-content\/uploads\/2025\/04\/HGC-Elektrotechnik-Services-EPC-Services_1-300x103.webp 300w, https:\/\/hgc-elektrotechnik.com\/wp-content\/uploads\/2025\/04\/HGC-Elektrotechnik-Services-EPC-Services_1-1024x352.webp 1024w, https:\/\/hgc-elektrotechnik.com\/wp-content\/uploads\/2025\/04\/HGC-Elektrotechnik-Services-EPC-Services_1-768x264.webp 768w, https:\/\/hgc-elektrotechnik.com\/wp-content\/uploads\/2025\/04\/HGC-Elektrotechnik-Services-EPC-Services_1-1536x528.webp 1536w\" sizes=\"auto, (max-width: 1600px) 100vw, 1600px\" alt=\"HGC Elektrotechnik - Services - EPC Services\" loading=\"lazy\">\n  <figcaption class=\"c4-layout-bottom-left\">\n      <\/figcaption>\n<\/figure>\n      <\/a>\n\n<\/div><div class=\"bde-div-1827-118 bde-div\">\n  \n  \n\t\n\n\n\n<h3 class=\"bde-heading-1827-119 bde-heading\">\n<a href=\"https:\/\/hgc-elektrotechnik.com\/de\/dienstleistungen\/epc-dienstleistungen\/\">EPC-Dienstleistungen<\/a>\n<\/h3><div class=\"bde-text-1827-120 bde-text\">\nVon der Planung \u00fcber die Beschaffung bis hin zum Bau \u00fcbernehmen wir das komplette Management komplexer Energie- und Elektrosysteme \u2013 und sichern in jeder Phase Qualit\u00e4t, Normkonformit\u00e4t und Kontrolle.\n<\/div><div class=\"bde-button-1827-121 bde-button bde-preset-37ec837c-6409-4b85-ae5f-fab56a0c342e\">\n    \n                        \n                        \n    \n    \n    \n    \n            \n                    \n            \n            \n\n    \n    \n    \n    \n    \n    <a class=\"breakdance-link button-atom button-atom--text bde-button__button\" href=\"https:\/\/hgc-elektrotechnik.com\/de\/dienstleistungen\/epc-dienstleistungen\/\" target=\"_self\" data-type=\"url\"  >\n\n    \n        <span class=\"button-atom__text\">Mehr erfahren<\/span>\n\n        \n                    \n    <span class=\"button-atom__icon-wrapper\">\n\n        \n            <svg class=\"un-arrow-icon\" width=\"10\" height=\"10\" viewBox=\"0 0 10 10\" aria-hidden=\"true\">\n                <g fill-rule=\"evenodd\">\n                    <path class=\"un-arrow-icon_line\" d=\"M0 5h7\"><\/path>\n                    <path class=\"un-arrow-icon_arrow\" d=\"M1 1l4 4-4 4\"><\/path>\n                <\/g>\n            <\/svg>\n\n        \n    <\/span>\n\n\n        \n                <\/a>\n\n    \n\n\n<\/div>\n<\/div>\n<\/div><div class=\"bde-div-1827-122 bde-div\">\n  \n  \n\t\n\n\n\n<div class=\"bde-image-hover-card-1827-123 bde-image-hover-card\">\n           \n            \n            \n\n    \n    \n    \n    \n    \n    <a class=\"breakdance-link\" href=\"https:\/\/hgc-elektrotechnik.com\/de\/dienstleistungen\/Vor-Ort-Dienstleistungen\/\" target=\"_self\" data-type=\"url\"  >\n\n<figure class=\"ee-imagehover c4-izmir  c4-image-zoom-in\">\n    <img decoding=\"async\" class=\"breakdance-image-object\" src=\"https:\/\/hgc-elektrotechnik.com\/wp-content\/uploads\/2025\/04\/HGC-Elektrotechnik-Services-Field-Services_1.webp\" width=\"1600\" height=\"550\" srcset=\"https:\/\/hgc-elektrotechnik.com\/wp-content\/uploads\/2025\/04\/HGC-Elektrotechnik-Services-Field-Services_1.webp 1600w, https:\/\/hgc-elektrotechnik.com\/wp-content\/uploads\/2025\/04\/HGC-Elektrotechnik-Services-Field-Services_1-300x103.webp 300w, https:\/\/hgc-elektrotechnik.com\/wp-content\/uploads\/2025\/04\/HGC-Elektrotechnik-Services-Field-Services_1-1024x352.webp 1024w, https:\/\/hgc-elektrotechnik.com\/wp-content\/uploads\/2025\/04\/HGC-Elektrotechnik-Services-Field-Services_1-768x264.webp 768w, https:\/\/hgc-elektrotechnik.com\/wp-content\/uploads\/2025\/04\/HGC-Elektrotechnik-Services-Field-Services_1-1536x528.webp 1536w\" sizes=\"auto, (max-width: 1600px) 100vw, 1600px\" alt=\"HGC Elektrotechnik - Services - Field Services\" loading=\"lazy\">\n  <figcaption >\n      <\/figcaption>\n<\/figure>\n      <\/a>\n\n<\/div><div class=\"bde-div-1827-124 bde-div\">\n  \n  \n\t\n\n\n\n<h3 class=\"bde-heading-1827-125 bde-heading\">\n<a href=\"https:\/\/hgc-elektrotechnik.com\/de\/dienstleistungen\/Vor-Ort-Dienstleistungen\/\">Vor-Ort-Dienstleistungen<\/a>\n<\/h3><div class=\"bde-text-1827-126 bde-text\">\nVor-Ort-Leistungen wie Installationsunterst\u00fctzung, \u00dcberwachung, Inbetriebnahme und Arbeiten an Transformatoren- oder BESS-Anlagen \u2013 professionell ausgef\u00fchrt durch zertifizierte NS-\/MSSpezialisten.\n<\/div><div class=\"bde-button-1827-127 bde-button bde-preset-37ec837c-6409-4b85-ae5f-fab56a0c342e\">\n    \n                        \n                        \n    \n    \n    \n    \n            \n                    \n            \n            \n\n    \n    \n    \n    \n    \n    <a class=\"breakdance-link button-atom button-atom--text bde-button__button\" href=\"https:\/\/hgc-elektrotechnik.com\/de\/dienstleistungen\/Vor-Ort-Dienstleistungen\/\" target=\"_self\" data-type=\"url\"  >\n\n    \n        <span class=\"button-atom__text\">Mehr erfahren<\/span>\n\n        \n                    \n    <span class=\"button-atom__icon-wrapper\">\n\n        \n            <svg class=\"un-arrow-icon\" width=\"10\" height=\"10\" viewBox=\"0 0 10 10\" aria-hidden=\"true\">\n                <g fill-rule=\"evenodd\">\n                    <path class=\"un-arrow-icon_line\" d=\"M0 5h7\"><\/path>\n                    <path class=\"un-arrow-icon_arrow\" d=\"M1 1l4 4-4 4\"><\/path>\n                <\/g>\n            <\/svg>\n\n        \n    <\/span>\n\n\n        \n                <\/a>\n\n    \n\n\n<\/div>\n<\/div><div class=\"bde-div-1827-128 bde-div\">\n  \n  \n\t\n\n\n\n<h4 class=\"bde-heading-1827-129 bde-heading\">\nErweiterte Au\u00dfendienstleistungen\n<\/h4><div class=\"bde-accordion-1827-130 bde-accordion bde-accordion--pills\"><div class=\"bde-accordion__content-wrapper-1827-135 bde-accordion__content-wrapper\">\n<h3 class=\"bde-accordion__title-tag\">\n  <button type=\"button\" class=\"bde-accordion__button\" id=\"accordion-button-135\" aria-controls=\"accordion-panel-135\" aria-expanded=\"false\">\n     <span class=\"bde-accordion__title\" >Transformator-Service<\/span>\n     <span class=\"bde-accordion__icon bde-accordion__icon--default\"><\/span>\n     <span class=\"bde-accordion__icon bde-accordion__icon--active\"><\/span>\n  <\/button>\n<\/h3>\n\n<div role=\"region\" class=\"bde-accordion__panel\" id=\"accordion-panel-135\" aria-labelledby=\"accordion-button-135\">\n    <div class=\"bde-accordion__panel-content\">\n        <h4 class=\"bde-heading-1827-136 bde-heading\">\n<a href=\"https:\/\/hgc-elektrotechnik.com\/de\/dienstleistungen\/dienstleistungen-vor-ort\/\/#transformer\">Dienstleistungen f\u00fcr Transformatoren<\/a>\n<\/h4><div class=\"bde-text-1827-137 bde-text\">\nWir bieten fachkundige Unterst\u00fctzung f\u00fcr Leistungs- und Verteilungstransformatoren, einschlie\u00dflich Installations\u00fcberwachung, \u00d6lbehandlung, Schnittstellenpr\u00fcfungen und Unterst\u00fctzung bei der Inbetriebnahme.\n<\/div><div class=\"bde-button-1827-138 bde-button bde-preset-37ec837c-6409-4b85-ae5f-fab56a0c342e\">\n    \n                        \n                        \n    \n    \n    \n    \n            \n                    \n            \n            \n\n    \n    \n    \n    \n    \n    <a class=\"breakdance-link button-atom button-atom--text bde-button__button\" href=\"https:\/\/hgc-elektrotechnik.com\/de\/dienstleistungen\/dienstleistungen-vor-ort\/\/#transformer\" target=\"_self\" data-type=\"url\"  >\n\n    \n        <span class=\"button-atom__text\">Mehr erfahren<\/span>\n\n        \n                    \n    <span class=\"button-atom__icon-wrapper\">\n\n        \n            <svg class=\"un-arrow-icon\" width=\"10\" height=\"10\" viewBox=\"0 0 10 10\" aria-hidden=\"true\">\n                <g fill-rule=\"evenodd\">\n                    <path class=\"un-arrow-icon_line\" d=\"M0 5h7\"><\/path>\n                    <path class=\"un-arrow-icon_arrow\" d=\"M1 1l4 4-4 4\"><\/path>\n                <\/g>\n            <\/svg>\n\n        \n    <\/span>\n\n\n        \n                <\/a>\n\n    \n\n\n<\/div>\n    <\/div>\n<\/div>\n\n\n\n<\/div><div class=\"bde-accordion__content-wrapper-1827-131 bde-accordion__content-wrapper\">\n<h3 class=\"bde-accordion__title-tag\">\n  <button type=\"button\" class=\"bde-accordion__button\" id=\"accordion-button-131\" aria-controls=\"accordion-panel-131\" aria-expanded=\"false\">\n     <span class=\"bde-accordion__title\" >Batterie- und Solar-Felddienstleistungen<\/span>\n     <span class=\"bde-accordion__icon bde-accordion__icon--default\"><\/span>\n     <span class=\"bde-accordion__icon bde-accordion__icon--active\"><\/span>\n  <\/button>\n<\/h3>\n\n<div role=\"region\" class=\"bde-accordion__panel\" id=\"accordion-panel-131\" aria-labelledby=\"accordion-button-131\">\n    <div class=\"bde-accordion__panel-content\">\n        <h4 class=\"bde-heading-1827-132 bde-heading\">\n<a href=\"https:\/\/hgc-elektrotechnik.com\/de\/dienstleistungen\/dienstleistungen-vor-ort\/\/#bess-solar\">Batterie- und Solar-Felddienstleistungen<\/a>\n<\/h4><div class=\"bde-text-1827-133 bde-text\">\nWir unterst\u00fctzen BESS- und PV-Solarsysteme durch Installationsunterst\u00fctzung, Integration, Fehlerbehebung und Pr\u00fcfungen vor der Inbetriebnahme - in enger Zusammenarbeit mit OEMs und EPCs.\n<\/div><div class=\"bde-button-1827-134 bde-button bde-preset-37ec837c-6409-4b85-ae5f-fab56a0c342e\">\n    \n                        \n                        \n    \n    \n    \n    \n            \n                    \n            \n            \n\n    \n    \n    \n    \n    \n    <a class=\"breakdance-link button-atom button-atom--text bde-button__button\" href=\"https:\/\/hgc-elektrotechnik.com\/de\/dienstleistungen\/dienstleistungen-vor-ort\/\/#bess-solar\" target=\"_self\" data-type=\"url\"  >\n\n    \n        <span class=\"button-atom__text\">Mehr erfahren<\/span>\n\n        \n                    \n    <span class=\"button-atom__icon-wrapper\">\n\n        \n            <svg class=\"un-arrow-icon\" width=\"10\" height=\"10\" viewBox=\"0 0 10 10\" aria-hidden=\"true\">\n                <g fill-rule=\"evenodd\">\n                    <path class=\"un-arrow-icon_line\" d=\"M0 5h7\"><\/path>\n                    <path class=\"un-arrow-icon_arrow\" d=\"M1 1l4 4-4 4\"><\/path>\n                <\/g>\n            <\/svg>\n\n        \n    <\/span>\n\n\n        \n                <\/a>\n\n    \n\n\n<\/div>\n    <\/div>\n<\/div>\n\n\n\n<\/div>\r\n\r\n<\/div>\n<\/div>\n<\/div>\n<\/div><\/div>\n<\/section><section class=\"bde-section-1827-139 bde-section\">\n  \n  \n\t\n\n\n\n        <div class=\"section-shape-divider-wrapper section-shape-divider-wrapper--1\">\n          <span class=\"section-shape-divider\">\n                      <svg\n                xmlns=\"http:\/\/www.w3.org\/2000\/svg\"\n                viewBox=\"0 0 1440 320\"\n                preserveAspectRatio=\"none\"\n            >\n              \n            <\/svg>\n                    <\/span>\n      <\/div>\n  <div class=\"section-container\"><div class=\"bde-columns-1827-140 bde-columns\"><div class=\"bde-column-1827-141 bde-column\">\n  \n  \n\t\n\n\n\n<h2 class=\"bde-heading-1827-142 bde-heading\">\nPlanen wir es von Anfang an richtig!\n<\/h2><div class=\"bde-text-1827-143 bde-text\">\nSprechen Sie mit unserem Team \u00fcber Ihr bevorstehendes Projekt.\n<\/div><div class=\"bde-div-1827-144 bde-div\">\n  \n  \n\t\n\n\n\n<div class=\"bde-button-1827-145 bde-button\">\n    \n                        \n                        \n    \n    \n    \n    \n            \n                    \n            \n            \n\n    \n    \n    \n    \n    \n    <a class=\"breakdance-link button-atom button-atom--custom bde-button__button\" href=\"https:\/\/hgc-elektrotechnik.com\/de\/kontakt\/\" target=\"_self\" data-type=\"url\"  >\n\n    \n        <span class=\"button-atom__text\">Jetzt kontaktieren<\/span>\n\n        \n        \n                <\/a>\n\n    \n\n\n<\/div>\n<\/div>\n<\/div><div class=\"bde-column-1827-146 bde-column\">\n  \n  \n\t\n\n\n\n<div class=\"bde-masker-1827-147 bde-masker\"><img decoding=\"async\" class=\"bde-image2-1827-148 bde-image2\" src=\"https:\/\/hgc-elektrotechnik.com\/wp-content\/uploads\/2025\/04\/Contact-scaled.webp\" alt=\"Contact\" loading=\"lazy\" srcset=\"https:\/\/hgc-elektrotechnik.com\/wp-content\/uploads\/2025\/04\/Contact-scaled.webp 2560w, https:\/\/hgc-elektrotechnik.com\/wp-content\/uploads\/2025\/04\/Contact-300x149.webp 300w, https:\/\/hgc-elektrotechnik.com\/wp-content\/uploads\/2025\/04\/Contact-1024x509.webp 1024w, https:\/\/hgc-elektrotechnik.com\/wp-content\/uploads\/2025\/04\/Contact-768x382.webp 768w, https:\/\/hgc-elektrotechnik.com\/wp-content\/uploads\/2025\/04\/Contact-1536x763.webp 1536w, https:\/\/hgc-elektrotechnik.com\/wp-content\/uploads\/2025\/04\/Contact-2048x1018.webp 2048w\" sizes=\"(max-width: 2560px) 100vw, 2560px\">\r\n<\/div>\n<\/div><\/div><\/div>\n<\/section>","protected":false},"excerpt":{"rendered":"<p>Unsere\u00a0Dienstleistungen Umfassende Dienstleistungen f\u00fcr jede Phase Ihrer Energie- und Infrastrukturprojekte Jetzt kontaktieren \u00dcbersicht Die HGC Elektrotechnik GmbH bietet ein umfassendes Spektrum an Dienstleistungen, die auf die sich stetig wandelnden Anforderungen der Energie- und\u00a0Infrastruktursektoren zugeschnitten sind. Von der fr\u00fchen Projektentwicklung bis hin zum Vor-Ort-Service liefert unser Team hochwertige, ma\u00dfgeschneiderte L\u00f6sungen. Dabei stehen Kundenzufriedenheit, Projekterfolg und langfristige [&hellip;]<\/p>\n","protected":false},"author":2,"featured_media":0,"parent":0,"menu_order":0,"comment_status":"closed","ping_status":"closed","template":"","meta":{"_breakdance_hide_in_design_set":false,"_breakdance_tags":"","footnotes":""},"class_list":["post-1827","page","type-page","status-publish","hentry"],"_links":{"self":[{"href":"https:\/\/hgc-elektrotechnik.com\/de\/wp-json\/wp\/v2\/pages\/1827","targetHints":{"allow":["GET"]}}],"collection":[{"href":"https:\/\/hgc-elektrotechnik.com\/de\/wp-json\/wp\/v2\/pages"}],"about":[{"href":"https:\/\/hgc-elektrotechnik.com\/de\/wp-json\/wp\/v2\/types\/page"}],"author":[{"embeddable":true,"href":"https:\/\/hgc-elektrotechnik.com\/de\/wp-json\/wp\/v2\/users\/2"}],"replies":[{"embeddable":true,"href":"https:\/\/hgc-elektrotechnik.com\/de\/wp-json\/wp\/v2\/comments?post=1827"}],"version-history":[{"count":12,"href":"https:\/\/hgc-elektrotechnik.com\/de\/wp-json\/wp\/v2\/pages\/1827\/revisions"}],"predecessor-version":[{"id":2204,"href":"https:\/\/hgc-elektrotechnik.com\/de\/wp-json\/wp\/v2\/pages\/1827\/revisions\/2204"}],"wp:attachment":[{"href":"https:\/\/hgc-elektrotechnik.com\/de\/wp-json\/wp\/v2\/media?parent=1827"}],"curies":[{"name":"wp","href":"https:\/\/api.w.org\/{rel}","templated":true}]}}