{"id":1831,"date":"2025-04-30T11:44:29","date_gmt":"2025-04-30T11:44:29","guid":{"rendered":"https:\/\/hgc-elektrotechnik.com\/dienstleistungen\/epc-services\/"},"modified":"2025-07-22T15:47:49","modified_gmt":"2025-07-22T15:47:49","slug":"epc-dienstleistungen","status":"publish","type":"page","link":"https:\/\/hgc-elektrotechnik.com\/de\/dienstleistungen\/epc-dienstleistungen\/","title":{"rendered":"EPC-Dienstleistungen"},"content":{"rendered":"<header class=\"bde-header-builder-1831-159 bde-header-builder bde-header-builder--sticky bde-header-builder--sticky-scroll-slide bde-header-builder--sticky-styles bde-header-builder--sticky-scroll-start-off-hidden bde-header-builder--sticky-scroll-hide\" data-sticky-hide-until-scroll-distance=\"300\">\n\n<div class=\"bde-header-builder__container\"><div class=\"bde-div-1831-160 bde-div\">\n  \n  \n\t\n\n\n\n<div class=\"bde-menu-1831-161 bde-menu\">\n\n\n      \n        \n    <nav class=\"breakdance-menu breakdance-menu--collapse    \">\n    <button class=\"breakdance-menu-toggle breakdance-menu-toggle--squeeze\" type=\"button\" aria-label=\"Open Menu\" aria-expanded=\"false\" aria-controls=\"menu-161\">\n                  <span class=\"breakdance-menu-toggle-icon\">\n            <span class=\"breakdance-menu-toggle-lines\"><\/span>\n          <\/span>\n            <\/button>\n    \n  <ul class=\"breakdance-menu-list\" id=\"menu-161\">\n              \n  \n    <li class=\"breakdance-menu-item-1831-162 breakdance-menu-item\">\n        \n            \n            \n\n    \n    \n    \n    \n    \n    <a class=\"breakdance-link breakdance-menu-link\" href=\"#intro\" target=\"_self\" data-type=\"url\"  >\n  \u2192 Einleitung\n    <\/a>\n\n<\/li><li class=\"breakdance-menu-item-1831-163 breakdance-menu-item\">\n        \n            \n            \n\n    \n    \n    \n    \n    \n    <a class=\"breakdance-link breakdance-menu-link\" href=\"#engineering\" target=\"_self\" data-type=\"url\"  >\n  \u2192 Ingenieurwesen\n    <\/a>\n\n<\/li><li class=\"breakdance-menu-item-1831-164 breakdance-menu-item\">\n        \n            \n            \n\n    \n    \n    \n    \n    \n    <a class=\"breakdance-link breakdance-menu-link\" href=\"#procurement\" target=\"_self\" data-type=\"url\"  >\n  \u2192 Beschaffung\n    <\/a>\n\n<\/li><li class=\"breakdance-menu-item-1831-165 breakdance-menu-item\">\n        \n            \n            \n\n    \n    \n    \n    \n    \n    <a class=\"breakdance-link breakdance-menu-link\" href=\"#construction\" target=\"_self\" data-type=\"url\"  >\n  \u2192 Bauausf\u00fchrung\n    <\/a>\n\n<\/li>\n  <\/ul>\n  <\/nav>\n\n\n<\/div>\n<\/div><\/div>\n\n\n<\/header><section id=\"intro\" class=\"bde-section-1831-100 bde-section\">\n              \n  \n  \n\t\n\n  <div class=\"section-background-overlay\"><\/div>\n\n\n<div class=\"section-container\"><div class=\"bde-div-1831-101 bde-div\">\n  \n  \n\t\n\n\n\n<h1 class=\"bde-heading-1831-102 bde-heading\">\nEnd-to-End EPC-Dienstleistungen f\u00fcr die Energieprojekte\n<\/h1><div class=\"bde-text-1831-103 bde-text\">\nIntegrierte L\u00f6sungen f\u00fcr Technik, Beschaffung und Bau \u2013 gepr\u00e4gt von technischem Fachwissen, exzellenter Ausf\u00fchrung und zuverl\u00e4ssigem Projektmanagement.\n<\/div><div class=\"bde-button-1831-104 bde-button\">\n    \n                        \n                        \n    \n    \n    \n    \n            \n                    \n            \n            \n\n    \n    \n    \n    \n    \n    <a class=\"breakdance-link button-atom button-atom--primary bde-button__button\" href=\"https:\/\/hgc-elektrotechnik.com\/de\/kontakt\/\" target=\"_self\" data-type=\"url\"  >\n\n    \n        <span class=\"button-atom__text\">Sprechen mit unserem Team<\/span>\n\n        \n        \n                <\/a>\n\n    \n\n\n<\/div>\n<\/div><\/div>\n<\/section><section id=\"energy-storage-solutions\" class=\"bde-section-1831-105 bde-section\">\n  \n  \n\t\n\n\n\n<div class=\"section-container\"><h2 class=\"bde-heading-1831-106 bde-heading\">\nVom Konzept bis zur Inbetriebnahme - komplette EPC-Service\n<\/h2><div id=\"engineering\" class=\"bde-text-1831-107 bde-text\">\nEin erfolgreiches Projekt braucht mehr als nur Technischer F\u00e4higkeiten \u2013 es erfordert Weitblick, klare Abl\u00e4ufe und Kontrolle. Wir bei HGC Elektrotechnik verbinden all das in unseren EPC-Leistungen. So steuern wir jedes Projekt pr\u00e4zise und zuverl\u00e4ssig \u2013 von Anfang bis Ende.<br><br>Mit \u00fcber 34 Jahren Erfahrung und einem starken Partner im R\u00fccken setzen wir anspruchsvolle Energie- und Infrastrukturprojekte um. Ob Netze,\u00a0erneuerbare Energien oder Wasseraufbereitung \u2013 wir liefern ma\u00dfgeschneiderte L\u00f6sungen, die genau zu Ihren Zielen und\u00a0Anforderungen passen.<br><br>Von der ersten Skizze bis zur letzten Schraube begleiten wir Ihr Projekt mit Klarheit, Verantwortung und Zielstrebigkeit \u2013 und sorgen daf\u00fcr, dass alles genau wie geplant funktioniert.\n<\/div><\/div>\n<\/section><section class=\"bde-section-1831-108 bde-section\">\n  \n  \n\t\n\n\n\n<div class=\"section-container\"><div class=\"bde-columns-1831-109 bde-columns\" data-entrance=\"slideLeft\"><div class=\"bde-column-1831-110 bde-column\">\n  \n  \n\t\n\n\n\n\n<\/div><div class=\"bde-column-1831-111 bde-column\">\n  \n  \n\t\n\n\n\n<h4 class=\"bde-heading-1831-112 bde-heading\">\nIngenieurwesen\n<\/h4><h3 class=\"bde-heading-1831-113 bde-heading\">\nWo jedes erfolgreiche Projekt beginnt.\n<\/h3><div id=\"procurement\" class=\"bde-text-1831-114 bde-text\">\nBei HGC Elektrotechnik ist das Engineering mehr als nur Zeichnungen - hier werden Ideen in reale, baubare Systeme umgesetzt. Mit jahrzehntelanger Erfahrung und praktischem Branchenwissen entwickeln wir ma\u00dfgeschneiderte, konforme und zukunftssichere L\u00f6sungen f\u00fcr Energie, Steuerung und Automatisierung.<br><br>Ob es sich um den Beginn eines neuen Netzanschlusses, einer Wasserstoffanlage oder einer Geb\u00e4udeinstallation handelt, unser Ingenieurteam legt die technischen Grundlagen mit Pr\u00e4zision und Zielstrebigkeit - und denkt dabei immer einen Schritt voraus.\n<\/div>\n<\/div><\/div><div class=\"bde-columns-1831-115 bde-columns\" data-entrance=\"slideRight\"><div class=\"bde-column-1831-116 bde-column\">\n  \n  \n\t\n\n\n\n<h4 class=\"bde-heading-1831-117 bde-heading\">\nBeschaffung\n<\/h4><h3 class=\"bde-heading-1831-118 bde-heading\">\nZuverl\u00e4ssige Partner. Optimierte Durchlaufzeiten. Keine Kompromisse.\n<\/h3><div class=\"bde-text-1831-119 bde-text\">\nUnsere Beschaffung ist mehr als nur Einkauf \u2013 wir sorgen daf\u00fcr, dass Entscheidungen gut informiert, technisch fundiert und termingerecht getroffen werden.<br><br>Durch unser umfangreiches Netzwerk etablierter Partner in Bereichen wie Batteriespeichersysteme, PCS, MV-Stationen und Leistungstransformatoren helfen wir unseren Kunden, qualitativ hochwertige Ger\u00e4te mit wettbewerbsf\u00e4higen Vorlaufzeiten zu beschaffen, die den deutschen Normen und technischen Standards voll entsprechen.\n<\/div><div class=\"bde-div-1831-120 bde-div\">\n  \n  \n\t\n\n\n\n<h4 class=\"bde-heading-1831-121 bde-heading\">\nWir unterst\u00fctzen Ihr Projekt mit:\n<\/h4><div id=\"construction\" class=\"bde-div-1831-122 bde-div\">\n  \n  \n\t\n\n\n\n<ul class=\"bde-basic-list-1831-123 bde-basic-list\">\n  <li  >    \n          Anbieterbewertung und technische Auswahl\n      <\/li>\n  <li  >    \n          Logistikkoordination und Planung der Anlieferung vor Ort\n      <\/li>\n<\/ul><ul class=\"bde-basic-list-1831-124 bde-basic-list\">\n  <li  >    \n          Beschaffung von Ausr\u00fcstung\n      <\/li>\n  <li  >    \n          Spezifikation und Ausschreibung der Ausr\u00fcstung\n      <\/li>\n<\/ul>\n<\/div><ul class=\"bde-basic-list-1831-125 bde-basic-list\">\n  <li  >    \n          Terminplanung und Risikomanagement bei der Beschaffung\n      <\/li>\n<\/ul>\n<\/div><div class=\"bde-text-1831-126 bde-text\">\nOb im Rahmen eines EPC-Komplettpakets oder eines Einzelauftrags - unser Beschaffungsservice ist darauf ausgerichtet, Verz\u00f6gerungen zu minimieren, Qualit\u00e4t zu gew\u00e4hrleisten und die Ausf\u00fchrung zu optimieren.\n<\/div>\n<\/div><div class=\"bde-column-1831-127 bde-column\">\n  \n  \n\t\n\n\n\n\n<\/div><\/div><div class=\"bde-columns-1831-128 bde-columns\" data-entrance=\"slideLeft\"><div class=\"bde-column-1831-129 bde-column\">\n  \n  \n\t\n\n\n\n\n<\/div><div class=\"bde-column-1831-130 bde-column\">\n  \n  \n\t\n\n\n\n<h4 class=\"bde-heading-1831-131 bde-heading\">\nBauausf\u00fchrung\n<\/h4><h3 class=\"bde-heading-1831-132 bde-heading\">\nEffiziente Ausf\u00fchrung vor Ort mit zertifizierten Teams.\n<\/h3><div class=\"bde-text-1831-133 bde-text\">\nDie Bauausf\u00fchrung ist der Punkt, an dem die Planung in die Ausf\u00fchrung \u00fcbergeht. Bei HGC Elektrotechnik erwecken wir elektrische Systeme durch pr\u00e4zise Installation, zuverl\u00e4ssige Koordination und technisches Fachwissen vor Ort zum Leben. Unsere zertifizierten Teams sorgen daf\u00fcr, dass jede Komponente sicher, korrekt und in \u00dcbereinstimmung mit allen geltenden Normen installiert wird.<br><br>Wir unterst\u00fctzen Bauaktivit\u00e4ten bei einer Vielzahl von Projekten, darunter Umspannwerke, unterirdische \u00dcbertragungssysteme, Batteriespeicher, Ladeinfrastruktur f\u00fcr Elektrofahrzeuge, Photovoltaikanlagen und Elektroinstallationen in Gewerbe- und Industriegeb\u00e4uden.\n<\/div><div class=\"bde-div-1831-134 bde-div\">\n  \n  \n\t\n\n\n\n<h4 class=\"bde-heading-1831-135 bde-heading\">\nZus\u00e4tzlich zur praktischen Installation bieten wir auch an:\n<\/h4><div class=\"bde-div-1831-136 bde-div\">\n  \n  \n\t\n\n\n\n<ul class=\"bde-basic-list-1831-137 bde-basic-list\">\n  <li  >    \n          Baumanagement\n      <\/li>\n  <li  >    \n          Baustellenkoordination und Kontrolle\n      <\/li>\n<\/ul><ul class=\"bde-basic-list-1831-138 bde-basic-list\">\n  <li  >    \n          Technische Aufsicht\n      <\/li>\n<\/ul>\n<\/div>\n<\/div>\n<\/div><\/div><div class=\"bde-button-1831-139 bde-button\">\n    \n                        \n                        \n    \n    \n    \n    \n            \n                    \n            \n            \n\n    \n    \n    \n    \n    \n    <a class=\"breakdance-link button-atom button-atom--primary bde-button__button\" href=\"https:\/\/hgc-elektrotechnik.com\/de\/loesungen\" target=\"_self\" data-type=\"url\"  >\n\n    \n        <span class=\"button-atom__text\">Entdecken Sie unsere L\u00f6sungen<\/span>\n\n        \n        \n                <\/a>\n\n    \n\n\n<\/div><\/div>\n<\/section><section class=\"bde-section-1831-140 bde-section\">\n  \n  \n\t\n\n\n\n<div class=\"section-container\"><h2 class=\"bde-heading-1831-141 bde-heading\">\nWeitere Diensleistungen\n<\/h2><div class=\"bde-grid-1831-142 bde-grid\" data-entrance=\"slideUp\">\n  \n  \n\t\n\n\n\n<div class=\"bde-div-1831-143 bde-div\">\n              \n  \n  \n\t\n\n  <div class=\"section-background-overlay\"><\/div>\n\n\n<h3 class=\"bde-heading-1831-144 bde-heading\">\nProjektentwicklung\n<\/h3><div class=\"bde-button-1831-145 bde-button\">\n    \n                        \n                        \n    \n    \n    \n    \n            \n                    \n            \n            \n\n    \n    \n    \n    \n    \n    <a class=\"breakdance-link button-atom button-atom--text bde-button__button\" href=\"https:\/\/hgc-elektrotechnik.com\/de\/dienstleistungen\/projektentwicklung\/\" target=\"_self\" data-type=\"url\"  >\n\n    \n        <span class=\"button-atom__text\">Mehr erfahren<\/span>\n\n        \n                    \n    <span class=\"button-atom__icon-wrapper\">\n\n        \n            <svg class=\"un-arrow-icon\" width=\"10\" height=\"10\" viewBox=\"0 0 10 10\" aria-hidden=\"true\">\n                <g fill-rule=\"evenodd\">\n                    <path class=\"un-arrow-icon_line\" d=\"M0 5h7\"><\/path>\n                    <path class=\"un-arrow-icon_arrow\" d=\"M1 1l4 4-4 4\"><\/path>\n                <\/g>\n            <\/svg>\n\n        \n    <\/span>\n\n\n        \n                <\/a>\n\n    \n\n\n<\/div>\n<\/div><div class=\"bde-div-1831-146 bde-div\">\n              \n  \n  \n\t\n\n  <div class=\"section-background-overlay\"><\/div>\n\n\n<h3 class=\"bde-heading-1831-147 bde-heading\">\nVor-Ort-Dienstleistungen\n<\/h3><div class=\"bde-button-1831-148 bde-button\">\n    \n                        \n                        \n    \n    \n    \n    \n            \n                    \n            \n            \n\n    \n    \n    \n    \n    \n    <a class=\"breakdance-link button-atom button-atom--text bde-button__button\" href=\"https:\/\/hgc-elektrotechnik.com\/de\/dienstleistungen\/Vor-Ort-Dienstleistungen\/\" target=\"_self\" data-type=\"url\"  >\n\n    \n        <span class=\"button-atom__text\">Mehr erfahren<\/span>\n\n        \n                    \n    <span class=\"button-atom__icon-wrapper\">\n\n        \n            <svg class=\"un-arrow-icon\" width=\"10\" height=\"10\" viewBox=\"0 0 10 10\" aria-hidden=\"true\">\n                <g fill-rule=\"evenodd\">\n                    <path class=\"un-arrow-icon_line\" d=\"M0 5h7\"><\/path>\n                    <path class=\"un-arrow-icon_arrow\" d=\"M1 1l4 4-4 4\"><\/path>\n                <\/g>\n            <\/svg>\n\n        \n    <\/span>\n\n\n        \n                <\/a>\n\n    \n\n\n<\/div>\n<\/div>\n<\/div><\/div>\n<\/section><section class=\"bde-section-1831-149 bde-section\">\n  \n  \n\t\n\n\n\n        <div class=\"section-shape-divider-wrapper section-shape-divider-wrapper--1\">\n          <span class=\"section-shape-divider\">\n                      <svg\n                xmlns=\"http:\/\/www.w3.org\/2000\/svg\"\n                viewBox=\"0 0 1440 320\"\n                preserveAspectRatio=\"none\"\n            >\n              \n            <\/svg>\n                    <\/span>\n      <\/div>\n  <div class=\"section-container\"><div class=\"bde-columns-1831-150 bde-columns\"><div class=\"bde-column-1831-151 bde-column\">\n  \n  \n\t\n\n\n\n<h2 class=\"bde-heading-1831-152 bde-heading\">\nPlanen wir es von Anfang an richtig!\n<\/h2><div class=\"bde-text-1831-153 bde-text\">\nSprechen Sie mit unserem Team \u00fcber Ihr bevorstehendes Projekt.\n<\/div><div class=\"bde-div-1831-154 bde-div\">\n  \n  \n\t\n\n\n\n<div class=\"bde-button-1831-155 bde-button\">\n    \n                        \n                        \n    \n    \n    \n    \n            \n                    \n            \n            \n\n    \n    \n    \n    \n    \n    <a class=\"breakdance-link button-atom button-atom--custom bde-button__button\" href=\"https:\/\/hgc-elektrotechnik.com\/de\/kontakt\/\" target=\"_self\" data-type=\"url\"  >\n\n    \n        <span class=\"button-atom__text\">Kontaktieren Sie uns<\/span>\n\n        \n        \n                <\/a>\n\n    \n\n\n<\/div>\n<\/div>\n<\/div><div class=\"bde-column-1831-156 bde-column\">\n  \n  \n\t\n\n\n\n<div class=\"bde-masker-1831-157 bde-masker\"><img decoding=\"async\" class=\"bde-image2-1831-158 bde-image2\" src=\"https:\/\/hgc-elektrotechnik.com\/wp-content\/uploads\/2025\/04\/Contact-scaled.webp\" alt=\"Contact\" loading=\"lazy\" srcset=\"https:\/\/hgc-elektrotechnik.com\/wp-content\/uploads\/2025\/04\/Contact-scaled.webp 2560w, https:\/\/hgc-elektrotechnik.com\/wp-content\/uploads\/2025\/04\/Contact-300x149.webp 300w, https:\/\/hgc-elektrotechnik.com\/wp-content\/uploads\/2025\/04\/Contact-1024x509.webp 1024w, https:\/\/hgc-elektrotechnik.com\/wp-content\/uploads\/2025\/04\/Contact-768x382.webp 768w, https:\/\/hgc-elektrotechnik.com\/wp-content\/uploads\/2025\/04\/Contact-1536x763.webp 1536w, https:\/\/hgc-elektrotechnik.com\/wp-content\/uploads\/2025\/04\/Contact-2048x1018.webp 2048w\" sizes=\"(max-width: 2560px) 100vw, 2560px\">\r\n<\/div>\n<\/div><\/div><\/div>\n<\/section>","protected":false},"excerpt":{"rendered":"<p>\u2192 Einleitung \u2192 Ingenieurwesen \u2192 Beschaffung \u2192 Bauausf\u00fchrung End-to-End EPC-Dienstleistungen f\u00fcr die Energieprojekte Integrierte L\u00f6sungen f\u00fcr Technik, Beschaffung und Bau \u2013 gepr\u00e4gt von technischem Fachwissen, exzellenter Ausf\u00fchrung und zuverl\u00e4ssigem Projektmanagement. Sprechen mit unserem Team Vom Konzept bis zur Inbetriebnahme &#8211; komplette EPC-Service Ein erfolgreiches Projekt braucht mehr als nur Technischer F\u00e4higkeiten \u2013 es erfordert Weitblick, [&hellip;]<\/p>\n","protected":false},"author":2,"featured_media":0,"parent":1827,"menu_order":0,"comment_status":"closed","ping_status":"closed","template":"","meta":{"_breakdance_hide_in_design_set":false,"_breakdance_tags":"","footnotes":""},"class_list":["post-1831","page","type-page","status-publish","hentry"],"_links":{"self":[{"href":"https:\/\/hgc-elektrotechnik.com\/de\/wp-json\/wp\/v2\/pages\/1831","targetHints":{"allow":["GET"]}}],"collection":[{"href":"https:\/\/hgc-elektrotechnik.com\/de\/wp-json\/wp\/v2\/pages"}],"about":[{"href":"https:\/\/hgc-elektrotechnik.com\/de\/wp-json\/wp\/v2\/types\/page"}],"author":[{"embeddable":true,"href":"https:\/\/hgc-elektrotechnik.com\/de\/wp-json\/wp\/v2\/users\/2"}],"replies":[{"embeddable":true,"href":"https:\/\/hgc-elektrotechnik.com\/de\/wp-json\/wp\/v2\/comments?post=1831"}],"version-history":[{"count":17,"href":"https:\/\/hgc-elektrotechnik.com\/de\/wp-json\/wp\/v2\/pages\/1831\/revisions"}],"predecessor-version":[{"id":2205,"href":"https:\/\/hgc-elektrotechnik.com\/de\/wp-json\/wp\/v2\/pages\/1831\/revisions\/2205"}],"up":[{"embeddable":true,"href":"https:\/\/hgc-elektrotechnik.com\/de\/wp-json\/wp\/v2\/pages\/1827"}],"wp:attachment":[{"href":"https:\/\/hgc-elektrotechnik.com\/de\/wp-json\/wp\/v2\/media?parent=1831"}],"curies":[{"name":"wp","href":"https:\/\/api.w.org\/{rel}","templated":true}]}}