{"id":1836,"date":"2025-04-30T11:47:41","date_gmt":"2025-04-30T11:47:41","guid":{"rendered":"https:\/\/hgc-elektrotechnik.com\/dienstleistungen\/field-services\/"},"modified":"2025-07-16T11:56:18","modified_gmt":"2025-07-16T11:56:18","slug":"vor-ort-dienstleistungen","status":"publish","type":"page","link":"https:\/\/hgc-elektrotechnik.com\/de\/dienstleistungen\/vor-ort-dienstleistungen\/","title":{"rendered":"Vor-Ort-Dienstleistungen"},"content":{"rendered":"<header class=\"bde-header-builder-1836-148 bde-header-builder bde-header-builder--sticky bde-header-builder--sticky-scroll-slide bde-header-builder--sticky-styles bde-header-builder--sticky-scroll-start-off-hidden bde-header-builder--sticky-scroll-hide\" data-sticky-hide-until-scroll-distance=\"300\">\n\n<div class=\"bde-header-builder__container\"><div class=\"bde-div-1836-149 bde-div\">\n  \n  \n\t\n\n\n\n<div class=\"bde-menu-1836-150 bde-menu\">\n\n\n      \n        \n    <nav class=\"breakdance-menu breakdance-menu--collapse    \">\n    <button class=\"breakdance-menu-toggle breakdance-menu-toggle--squeeze\" type=\"button\" aria-label=\"Open Menu\" aria-expanded=\"false\" aria-controls=\"menu-150\">\n                  <span class=\"breakdance-menu-toggle-icon\">\n            <span class=\"breakdance-menu-toggle-lines\"><\/span>\n          <\/span>\n            <\/button>\n    \n  <ul class=\"breakdance-menu-list\" id=\"menu-150\">\n              \n  \n    <li class=\"breakdance-menu-item-1836-151 breakdance-menu-item\">\n        \n            \n            \n\n    \n    \n    \n    \n    \n    <a class=\"breakdance-link breakdance-menu-link\" href=\"#bess-solar\" target=\"_self\" data-type=\"url\"  >\n  \u2192 BESS & Solar\n    <\/a>\n\n<\/li><li class=\"breakdance-menu-item-1836-152 breakdance-menu-item\">\n        \n            \n            \n\n    \n    \n    \n    \n    \n    <a class=\"breakdance-link breakdance-menu-link\" href=\"#transformer\" target=\"_self\" data-type=\"url\"  >\n  \u2192 Transformator\n    <\/a>\n\n<\/li>\n  <\/ul>\n  <\/nav>\n\n\n<\/div>\n<\/div><\/div>\n\n\n<\/header><section id=\"intro\" class=\"bde-section-1836-100 bde-section\">\n              \n  \n  \n\t\n\n  <div class=\"section-background-overlay\"><\/div>\n\n\n<div class=\"section-container\"><div class=\"bde-div-1836-101 bde-div\">\n  \n  \n\t\n\n\n\n<h1 class=\"bde-heading-1836-102 bde-heading\">\nFachwissen vor Ort h\u00e4lt Ihre Systeme am Laufen\n<\/h1><div class=\"bde-button-1836-103 bde-button\">\n    \n                        \n                        \n    \n    \n    \n    \n            \n                    \n            \n            \n\n    \n    \n    \n    \n    \n    <a class=\"breakdance-link button-atom button-atom--primary bde-button__button\" href=\"https:\/\/hgc-elektrotechnik.com\/de\/kontakt\/\" target=\"_self\" data-type=\"url\"  >\n\n    \n        <span class=\"button-atom__text\">Sprechen mit unserem Team<\/span>\n\n        \n        \n                <\/a>\n\n    \n\n\n<\/div>\n<\/div><\/div>\n<\/section><section id=\"energy-storage-solutions\" class=\"bde-section-1836-104 bde-section\">\n  \n  \n\t\n\n\n\n<div class=\"section-container\"><h2 class=\"bde-heading-1836-105 bde-heading\">\nPraktisches Know-how f\u00fcr sichere und effiziente L\u00f6sungen vor Ort\n<\/h2><div id=\"bess-solar\" class=\"bde-text-1836-106 bde-text\">\nUnsere Vor-Ort-Dienstleistungen umfassen das gesamte Spektrum der vor Ort erforderlichen technischen Aktivit\u00e4ten - einschlie\u00dflich Installationsunterst\u00fctzung, \u00dcberwachung, Systemtests und Inbetriebnahme. Unabh\u00e4ngig davon, ob wir ein komplettes EPC-Projekt unterst\u00fctzen oder eigenst\u00e4ndige technische Hilfe leisten, ist es unser Ziel, sicherzustellen, dass jedes System von Anfang an genau wie vorgesehen funktioniert.<br><br>Wir arbeiten mit EPC-Auftragnehmern, Herstellern und Anlagenbesitzern zusammen, um sichere, effiziente und gesetzeskonforme Ergebnisse in verschiedenen Bereichen zu erzielen - einschlie\u00dflich Netzinfrastruktur, Batteriespeicherung, Photovoltaik und elektrische Systeme f\u00fcr Gewerbe- und Industriegeb\u00e4ude.<br><br>Unsere zertifizierten Ingenieure und Techniker verf\u00fcgen \u00fcber praktisches Fachwissen, schnelle Reaktionszeiten und ein tiefes Verst\u00e4ndnis der von uns installierten und gepr\u00fcften Systeme - von der Vor-Ort-Unterst\u00fctzung bis zur endg\u00fcltigen Inbetriebnahme.\n<\/div><\/div>\n<\/section><section class=\"bde-section-1836-107 bde-section\">\n  \n  \n\t\n\n\n\n<div class=\"section-container\"><div class=\"bde-columns-1836-108 bde-columns\" data-entrance=\"slideLeft\"><div class=\"bde-column-1836-109 bde-column\">\n  \n  \n\t\n\n\n\n\n<\/div><div class=\"bde-column-1836-110 bde-column\">\n  \n  \n\t\n\n\n\n<h3 class=\"bde-heading-1836-111 bde-heading\">\nBESS & Solar-Felddienstleistungen\n<\/h3><div class=\"bde-text-1836-112 bde-text\">\n<strong>Wir bieten spezialisierte Au\u00dfendienstleistungen f\u00fcr Batteriespeichersysteme (BESS) und Photovoltaikanlagen (PV) an und arbeiten dabei eng mit OEMs, Projektentwicklern und EPC-Partnern zusammen.<\/strong><br><br>Von containerbasierten Batteriespeichersystemen bis hin zu PV-Anlagen im Versorgungsma\u00dfstab verf\u00fcgen unsere Teams \u00fcber praktisches Fachwissen in folgenden Bereichen:\n<\/div><div id=\"transformer\" class=\"bde-div-1836-113 bde-div\">\n  \n  \n\t\n\n\n\n<div class=\"bde-div-1836-114 bde-div\">\n  \n  \n\t\n\n\n\n<ul class=\"bde-basic-list-1836-115 bde-basic-list\">\n  <li  >    \n          Unterst\u00fctzung bei der Elektroinstallation vor Ort\n      <\/li>\n  <li  >    \n          Fehlerdiagnose und Behebung von St\u00f6rungen\n      <\/li>\n<\/ul>\n<\/div><ul class=\"bde-basic-list-1836-116 bde-basic-list\">\n  <li  >    \n          Systemintegration und -konfiguration\n      <\/li>\n  <li  >    \n          Funktionspr\u00fcfungen vor der Inbetriebnahme\n      <\/li>\n<\/ul><ul class=\"bde-basic-list-1836-117 bde-basic-list\">\n  <li  >    \n          \u00dcberwachung gem\u00e4\u00df OEM-Standards\n      <\/li>\n<\/ul>\n<\/div><div class=\"bde-text-1836-118 bde-text\">\nDiese Dienstleistungen werden individuell an die Anforderungen jedes Technologiepartners und jeder Anlagenkonfiguration angepasst, um einen sicheren und effizienten Einsatz vor Ort zu gew\u00e4hrleisten.\n<\/div>\n<\/div><\/div><div class=\"bde-columns-1836-119 bde-columns\" data-entrance=\"slideRight\"><div class=\"bde-column-1836-120 bde-column\">\n  \n  \n\t\n\n\n\n<h3 class=\"bde-heading-1836-121 bde-heading\">\nTransformator-Felddienstleistungen\n<\/h3><div class=\"bde-text-1836-122 bde-text\">\n<strong>Stromtransformator-Felddienstleistungen<\/strong> sind ein wichtiger Bestandteil unseres Portfolios. Wir unterst\u00fctzen Transformatorenhersteller, Versorgungsunternehmen und EPCs mit:\n<\/div><div class=\"bde-div-1836-123 bde-div\">\n  \n  \n\t\n\n\n\n<div class=\"bde-div-1836-125 bde-div\">\n  \n  \n\t\n\n\n\n<ul class=\"bde-basic-list-1836-126 bde-basic-list\">\n  <li  >    \n          Vor-Ort-\u00dcberwachung beim Entladen und Positionieren\n      <\/li>\n  <li  >    \n          Mechanische und elektrische Schnittstellenpr\u00fcfungen\n      <\/li>\n  <li  >    \n          \u00d6laufbereitung, Vakuumabf\u00fcllung und Entw\u00e4sserung\n      <\/li>\n  <li  >    \n          Verkabelung und Integration von Steuerungs- und Hilfssystemen\n      <\/li>\n  <li  >    \n          Unterst\u00fctzung bei Tests und Funktionspr\u00fcfungen\n      <\/li>\n  <li  >    \n          Dokumentation und Koordination der \u00dcbergabe\n      <\/li>\n<\/ul>\n<\/div>\n<\/div><div id=\"decommissioning\" class=\"bde-text-1836-127 bde-text\">\nUnser Transformatoren-Feldservice sorgt f\u00fcr einen reibungslosen und technisch einwandfreien \u00dcbergang von der Lieferung zum Betrieb - unter strikter Einhaltung der Projektzeitpl\u00e4ne und Sicherheitsstandards.\n<\/div>\n<\/div><div class=\"bde-column-1836-128 bde-column\">\n  \n  \n\t\n\n\n\n\n<\/div><\/div><\/div>\n<\/section><section class=\"bde-section-1836-129 bde-section\">\n  \n  \n\t\n\n\n\n<div class=\"section-container\"><h2 class=\"bde-heading-1836-130 bde-heading\">\nWeitere Diensleistungen\n<\/h2><div class=\"bde-grid-1836-131 bde-grid\" data-entrance=\"slideUp\">\n  \n  \n\t\n\n\n\n<div class=\"bde-div-1836-132 bde-div\">\n              \n  \n  \n\t\n\n  <div class=\"section-background-overlay\"><\/div>\n\n\n<h3 class=\"bde-heading-1836-133 bde-heading\">\nProjektentwicklung\n<\/h3><div class=\"bde-button-1836-134 bde-button\">\n    \n                        \n                        \n    \n    \n    \n    \n            \n                    \n            \n            \n\n    \n    \n    \n    \n    \n    <a class=\"breakdance-link button-atom button-atom--text bde-button__button\" href=\"https:\/\/hgc-elektrotechnik.com\/de\/dienstleistungen\/projektentwicklung\/\" target=\"_self\" data-type=\"url\"  >\n\n    \n        <span class=\"button-atom__text\">Mehr erfahren<\/span>\n\n        \n                    \n    <span class=\"button-atom__icon-wrapper\">\n\n        \n            <svg class=\"un-arrow-icon\" width=\"10\" height=\"10\" viewBox=\"0 0 10 10\" aria-hidden=\"true\">\n                <g fill-rule=\"evenodd\">\n                    <path class=\"un-arrow-icon_line\" d=\"M0 5h7\"><\/path>\n                    <path class=\"un-arrow-icon_arrow\" d=\"M1 1l4 4-4 4\"><\/path>\n                <\/g>\n            <\/svg>\n\n        \n    <\/span>\n\n\n        \n                <\/a>\n\n    \n\n\n<\/div>\n<\/div><div class=\"bde-div-1836-135 bde-div\">\n              \n  \n  \n\t\n\n  <div class=\"section-background-overlay\"><\/div>\n\n\n<h3 class=\"bde-heading-1836-136 bde-heading\">\nEPC Services\n<\/h3><div class=\"bde-button-1836-137 bde-button\">\n    \n                        \n                        \n    \n    \n    \n    \n            \n                    \n            \n            \n\n    \n    \n    \n    \n    \n    <a class=\"breakdance-link button-atom button-atom--text bde-button__button\" href=\"https:\/\/hgc-elektrotechnik.com\/de\/dienstleistungen\/epc-dienstleistungen\/\" target=\"_self\" data-type=\"url\"  >\n\n    \n        <span class=\"button-atom__text\">Mehr erfahren<\/span>\n\n        \n                    \n    <span class=\"button-atom__icon-wrapper\">\n\n        \n            <svg class=\"un-arrow-icon\" width=\"10\" height=\"10\" viewBox=\"0 0 10 10\" aria-hidden=\"true\">\n                <g fill-rule=\"evenodd\">\n                    <path class=\"un-arrow-icon_line\" d=\"M0 5h7\"><\/path>\n                    <path class=\"un-arrow-icon_arrow\" d=\"M1 1l4 4-4 4\"><\/path>\n                <\/g>\n            <\/svg>\n\n        \n    <\/span>\n\n\n        \n                <\/a>\n\n    \n\n\n<\/div>\n<\/div>\n<\/div><\/div>\n<\/section><section class=\"bde-section-1836-138 bde-section\">\n  \n  \n\t\n\n\n\n        <div class=\"section-shape-divider-wrapper section-shape-divider-wrapper--1\">\n          <span class=\"section-shape-divider\">\n                      <svg\n                xmlns=\"http:\/\/www.w3.org\/2000\/svg\"\n                viewBox=\"0 0 1440 320\"\n                preserveAspectRatio=\"none\"\n            >\n              \n            <\/svg>\n                    <\/span>\n      <\/div>\n  <div class=\"section-container\"><div class=\"bde-columns-1836-139 bde-columns\"><div class=\"bde-column-1836-140 bde-column\">\n  \n  \n\t\n\n\n\n<h2 class=\"bde-heading-1836-141 bde-heading\">\nPlanen wir es von Anfang an richtig!\n<\/h2><div class=\"bde-text-1836-142 bde-text\">\nSprechen Sie mit unserem Team \u00fcber Ihr bevorstehendes Projekt.\n<\/div><div class=\"bde-div-1836-143 bde-div\">\n  \n  \n\t\n\n\n\n<div class=\"bde-button-1836-144 bde-button\">\n    \n                        \n                        \n    \n    \n    \n    \n            \n                    \n            \n            \n\n    \n    \n    \n    \n    \n    <a class=\"breakdance-link button-atom button-atom--custom bde-button__button\" href=\"https:\/\/hgc-elektrotechnik.com\/de\/kontakt\/\" target=\"_self\" data-type=\"url\"  >\n\n    \n        <span class=\"button-atom__text\">Jetzt starten<\/span>\n\n        \n        \n                <\/a>\n\n    \n\n\n<\/div>\n<\/div>\n<\/div><div class=\"bde-column-1836-145 bde-column\">\n  \n  \n\t\n\n\n\n<div class=\"bde-masker-1836-146 bde-masker\"><img decoding=\"async\" class=\"bde-image2-1836-147 bde-image2\" src=\"https:\/\/hgc-elektrotechnik.com\/wp-content\/uploads\/2025\/04\/Contact-scaled.webp\" alt=\"Contact\" loading=\"lazy\" srcset=\"https:\/\/hgc-elektrotechnik.com\/wp-content\/uploads\/2025\/04\/Contact-scaled.webp 2560w, https:\/\/hgc-elektrotechnik.com\/wp-content\/uploads\/2025\/04\/Contact-300x149.webp 300w, https:\/\/hgc-elektrotechnik.com\/wp-content\/uploads\/2025\/04\/Contact-1024x509.webp 1024w, https:\/\/hgc-elektrotechnik.com\/wp-content\/uploads\/2025\/04\/Contact-768x382.webp 768w, https:\/\/hgc-elektrotechnik.com\/wp-content\/uploads\/2025\/04\/Contact-1536x763.webp 1536w, https:\/\/hgc-elektrotechnik.com\/wp-content\/uploads\/2025\/04\/Contact-2048x1018.webp 2048w\" sizes=\"(max-width: 2560px) 100vw, 2560px\">\r\n<\/div>\n<\/div><\/div><\/div>\n<\/section>","protected":false},"excerpt":{"rendered":"<p>\u2192 BESS &#038; Solar \u2192 Transformator Fachwissen vor Ort h\u00e4lt Ihre Systeme am Laufen Sprechen mit unserem Team Praktisches Know-how f\u00fcr sichere und effiziente L\u00f6sungen vor Ort Unsere Vor-Ort-Dienstleistungen umfassen das gesamte Spektrum der vor Ort erforderlichen technischen Aktivit\u00e4ten &#8211; einschlie\u00dflich Installationsunterst\u00fctzung, \u00dcberwachung, Systemtests und Inbetriebnahme. Unabh\u00e4ngig davon, ob wir ein komplettes EPC-Projekt unterst\u00fctzen oder [&hellip;]<\/p>\n","protected":false},"author":2,"featured_media":0,"parent":1827,"menu_order":0,"comment_status":"closed","ping_status":"closed","template":"","meta":{"_breakdance_hide_in_design_set":false,"_breakdance_tags":"","footnotes":""},"class_list":["post-1836","page","type-page","status-publish","hentry"],"_links":{"self":[{"href":"https:\/\/hgc-elektrotechnik.com\/de\/wp-json\/wp\/v2\/pages\/1836","targetHints":{"allow":["GET"]}}],"collection":[{"href":"https:\/\/hgc-elektrotechnik.com\/de\/wp-json\/wp\/v2\/pages"}],"about":[{"href":"https:\/\/hgc-elektrotechnik.com\/de\/wp-json\/wp\/v2\/types\/page"}],"author":[{"embeddable":true,"href":"https:\/\/hgc-elektrotechnik.com\/de\/wp-json\/wp\/v2\/users\/2"}],"replies":[{"embeddable":true,"href":"https:\/\/hgc-elektrotechnik.com\/de\/wp-json\/wp\/v2\/comments?post=1836"}],"version-history":[{"count":11,"href":"https:\/\/hgc-elektrotechnik.com\/de\/wp-json\/wp\/v2\/pages\/1836\/revisions"}],"predecessor-version":[{"id":2172,"href":"https:\/\/hgc-elektrotechnik.com\/de\/wp-json\/wp\/v2\/pages\/1836\/revisions\/2172"}],"up":[{"embeddable":true,"href":"https:\/\/hgc-elektrotechnik.com\/de\/wp-json\/wp\/v2\/pages\/1827"}],"wp:attachment":[{"href":"https:\/\/hgc-elektrotechnik.com\/de\/wp-json\/wp\/v2\/media?parent=1836"}],"curies":[{"name":"wp","href":"https:\/\/api.w.org\/{rel}","templated":true}]}}