{"id":342,"date":"2023-06-09T07:51:16","date_gmt":"2023-06-09T07:51:16","guid":{"rendered":"https:\/\/hgc-elektrotechnik.com\/?page_id=342"},"modified":"2025-12-10T15:57:30","modified_gmt":"2025-12-10T15:57:30","slug":"arbeitsplatze","status":"publish","type":"page","link":"https:\/\/hgc-elektrotechnik.com\/de\/arbeitsplatze\/","title":{"rendered":"Karriere"},"content":{"rendered":"<section class=\"bde-section-342-131 bde-section\">\n  \n  \n\t\n\n\n\n<div class=\"section-container\"><h1 class=\"bde-heading-342-132 bde-heading\">\nKarriere bei HGC Elektrotechnik \u2013 <br>wo Ihre Energie z\u00e4hlt\n<\/h1><\/div>\n<\/section><section class=\"bde-section-342-133 bde-section\">\n  \n  \n\t\n\n\n\n<div class=\"section-container\"><h2 class=\"bde-heading-342-134 bde-heading\">\nGestalten Sie Ihre Zukunft im Zentrum der Energiewende.\n<\/h2><div class=\"bde-text-342-135 bde-text\">\nBei HGC Elektrotechnik \u00fcbernehmen Sie nicht einfach einen Job \u2013 Sie gestalten aktiv eine sauberere und nachhaltigere Energiezukunft mit. Ob in der Projektentwicklung, im Engineering oder im administrativen Bereich: Ihre Ideen, Ihr Engagement und Ihre Fachkompetenz treiben den Wandel voran.\n<\/div><\/div>\n<\/section><section class=\"bde-section-342-110 bde-section\">\n  \n  \n\t\n\n\n\n<div class=\"section-container\"><div class=\"bde-columns-342-112 bde-columns\"><div class=\"bde-column-342-136 bde-column\">\n  \n  \n\t\n\n\n\n<h2 class=\"bde-heading-342-137 bde-heading\">\nGemeinsam Zukunft gestalten\n<\/h2><div id=\"key-developement-services\" class=\"bde-text-342-138 bde-text\">\nSeit \u00fcber 34 Jahren steht HGC f\u00fcr zuverl\u00e4ssige und leistungsstarke Energiel\u00f6sungen \u2013 von Photovoltaik- und Batteriespeichersystemen \u00fcber Smart- Grid-Infrastruktur bis hin zur Wasseraufbereitung. Als Teil unseres Teams arbeiten Sie in einem praxisnahen, dynamischen Umfeld mit flachen Hierarchien, schnellen Entscheidungswegen und echter Verantwortung ab dem ersten Tag. Hier trifft Technologie auf Sinn \u2013 und Ihre Arbeit macht den Unterschied.\n<\/div><h3 class=\"bde-heading-342-139 bde-heading\">\nWas Sie bei uns erwartet\n<\/h3><ul class=\"bde-basic-list-342-140 bde-basic-list\">\n  <li  >    \n          Ein motiviertes, kollegiales Team \u2013 international, l\u00f6sungsorientiert und vielf\u00e4ltig\n      <\/li>\n  <li  >    \n          Verantwortung ab Tag eins \u2013 mit Raum f\u00fcr Ihre Ideen und Visionen\n      <\/li>\n  <li  >    \n          Sinnstiftende Projekte \u2013 CO\u2082-Reduktion, Zugang zu Energie und eine lebenswerte Zukunft\n      <\/li>\n  <li  >    \n          Eine offene Unternehmenskultur \u2013 gepr\u00e4gt von Vertrauen, Transparenz und Respekt\n      <\/li>\n<\/ul><div id=\"key-developement-services\" class=\"bde-text-342-141 bde-text\">\n<strong>Bereit, die Energiezukunft mitzugestalten?<br>Kommen Sie zu HGC \u2013 und setzen Sie Ihre Energie dort ein, wo sie z\u00e4hlt.<\/strong>\n<\/div>\n<\/div><div class=\"bde-column-342-115 bde-column\">\n  \n  \n\t\n\n\n\n<h2 class=\"bde-heading-342-116 bde-heading\">\nKontaktformular\n<\/h2><div id=\"key-developement-services\" class=\"bde-text-342-117 bde-text\">\nStarten Sie hier und jetzt in Ihre erfolgreiche Zukunft! Wir werden uns umgehend mit Ihnen in Verbindung setzen.\n<\/div><div class=\"bde-form-builder-342-118 bde-form-builder\">\n\n<form id=\"contact-form-careers118\" class=\"breakdance-form breakdance-form--vertical\" data-options=\"{&quot;slug&quot;:&quot;custom&quot;,&quot;name&quot;:&quot;Contact form Careers&quot;,&quot;ajaxUrl&quot;:&quot;https:\\\/\\\/hgc-elektrotechnik.com\\\/wp-admin\\\/admin-ajax.php&quot;,&quot;clearOnSuccess&quot;:true,&quot;hideOnSuccess&quot;:false,&quot;successMessage&quot;:&quot;Your message has been received!&quot;,&quot;errorMessage&quot;:&quot;Something went wrong&quot;,&quot;redirect&quot;:false,&quot;redirectUrl&quot;:&quot;&quot;,&quot;customJavaScript&quot;:&quot;&quot;,&quot;recaptcha&quot;:{&quot;key&quot;:&quot;&quot;,&quot;enabled&quot;:false},&quot;honeypot_enabled&quot;:false,&quot;popupsOnSuccess&quot;:[],&quot;popupsOnError&quot;:[]}\" data-steps=\"0\" >\n  \n  \n  \n<div class=\"breakdance-form-field breakdance-form-field--text\" >\n    \n    \n            <label class=\"breakdance-form-field__label\" for=\"name\">\n            Name<span class=\"breakdance-form-field__required\">*<\/span>\n        <\/label>\n    \n    <input\n    class=\"breakdance-form-field__input\"\n    id=\"name\"\n    aria-describedby=\"name\"\n    type=\"text\"\n    name=\"fields[name]\"\n    placeholder=\"\"\n    value=\"\"\n                \n        \n        \n    required\n    \n    \n    \n>\n\n\n    \n    \n<\/div>\n\n\n<div class=\"breakdance-form-field breakdance-form-field--email\" >\n    \n    \n            <label class=\"breakdance-form-field__label\" for=\"email\">\n            Email<span class=\"breakdance-form-field__required\">*<\/span>\n        <\/label>\n    \n    <input\n    class=\"breakdance-form-field__input\"\n    id=\"email\"\n    aria-describedby=\"email\"\n    type=\"email\"\n    name=\"fields[email]\"\n    placeholder=\"\"\n    value=\"\"\n                \n        \n        \n    required\n    \n    \n    \n>\n\n\n    \n    \n<\/div>\n\n\n<div class=\"breakdance-form-field breakdance-form-field--tel\" >\n    \n    \n            <label class=\"breakdance-form-field__label\" for=\"rsxcev\">\n            Telefonnummer\n        <\/label>\n    \n    <input\n    class=\"breakdance-form-field__input\"\n    id=\"rsxcev\"\n    aria-describedby=\"rsxcev\"\n    type=\"tel\"\n    name=\"fields[rsxcev]\"\n    placeholder=\"\"\n    value=\"\"\n                \n        \n        \n    \n    \n    \n    \n>\n\n\n    \n    \n<\/div>\n\n\n<div class=\"breakdance-form-field breakdance-form-field--textarea\" >\n    \n    \n            <label class=\"breakdance-form-field__label\" for=\"message\">\n            Stelle Sie sich vor<span class=\"breakdance-form-field__required\">*<\/span>\n        <\/label>\n    \n    <textarea\n    class=\"breakdance-form-field__input\"\n    id=\"message\"\n    aria-describedby=\"message\"\n    type=\"textarea\"\n    name=\"fields[message]\"\n        placeholder=\"\"\n    required\n    >\n<\/textarea>\n\n\n    \n    \n<\/div>\n\n\n  \n\n<div class=\"breakdance-form-field breakdance-form-footer\">\n    \n    \n                                    \n    \n    \n    \n    \n            \n            <button type=\"submit\" class=\"button-atom button-atom--primary breakdance-form-button breakdance-form-button__submit\"  >\n    \n        <span class=\"button-atom__text\">Senden <\/span>\n\n        \n        \n            <\/button>\n    \n    <input type=\"hidden\" name=\"form_id\" value=\"118\">\n    <input type=\"hidden\" name=\"post_id\" value=\"342\">\n<\/div>\n\n  \n<\/form>\n\n\n<\/div><div id=\"key-developement-services\" class=\"bde-text-342-119 bde-text\">\nAus Sicherheitsgr\u00fcnden k\u00f6nnen wir Ihren Lebenslauf hier nicht empfangen. Bitte senden Sie Ihren Lebenslauf an <strong><a style=\"color:white\" href=\"mailto:info@hgc-elektrotechnik.com\">info@hgc-elektrotechnik.com.<\/a><\/strong>\n<\/div>\n<\/div><\/div><\/div>\n<\/section><section class=\"bde-section-342-142 bde-section\">\n  \n  \n\t\n\n\n\n        <div class=\"section-shape-divider-wrapper section-shape-divider-wrapper--1\">\n          <span class=\"section-shape-divider\">\n                      <svg\n                xmlns=\"http:\/\/www.w3.org\/2000\/svg\"\n                viewBox=\"0 0 1440 320\"\n                preserveAspectRatio=\"none\"\n            >\n              \n            <\/svg>\n                    <\/span>\n      <\/div>\n  <div class=\"section-container\"><div class=\"bde-columns-342-143 bde-columns\"><div class=\"bde-column-342-144 bde-column\">\n  \n  \n\t\n\n\n\n<h2 class=\"bde-heading-342-145 bde-heading\">\nNoch Fragen? Wir sind f\u00fcr Sie da.\n<\/h2><div class=\"bde-text-342-146 bde-text\">\nWir helfen Ihnen gerne weiter und informieren Sie in einem pers\u00f6nlichen Gespr\u00e4ch.\n<\/div><div class=\"bde-div-342-147 bde-div\">\n  \n  \n\t\n\n\n\n<div class=\"bde-button-342-148 bde-button bde-preset-3e798053-6f0d-410b-ae2f-faeffc632880\">\n    \n                        \n                        \n    \n    \n    \n    \n            \n                    \n            \n            \n\n    \n    \n    \n    \n    \n    <a class=\"breakdance-link button-atom button-atom--custom bde-button__button\" href=\"https:\/\/hgc-elektrotechnik.com\/de\/kontakt\/\" target=\"_self\" data-type=\"url\"  >\n\n    \n        <span class=\"button-atom__text\">Jetzt kontaktieren<\/span>\n\n        \n        \n                <\/a>\n\n    \n\n\n<\/div>\n<\/div>\n<\/div><div class=\"bde-column-342-149 bde-column\">\n  \n  \n\t\n\n\n\n<div class=\"bde-masker-342-150 bde-masker\"><img decoding=\"async\" class=\"bde-image2-342-151 bde-image2\" src=\"https:\/\/hgc-elektrotechnik.com\/wp-content\/uploads\/2025\/04\/Contact-scaled.webp\" alt=\"Contact\" loading=\"lazy\" srcset=\"https:\/\/hgc-elektrotechnik.com\/wp-content\/uploads\/2025\/04\/Contact-scaled.webp 2560w, https:\/\/hgc-elektrotechnik.com\/wp-content\/uploads\/2025\/04\/Contact-300x149.webp 300w, https:\/\/hgc-elektrotechnik.com\/wp-content\/uploads\/2025\/04\/Contact-1024x509.webp 1024w, https:\/\/hgc-elektrotechnik.com\/wp-content\/uploads\/2025\/04\/Contact-768x382.webp 768w, https:\/\/hgc-elektrotechnik.com\/wp-content\/uploads\/2025\/04\/Contact-1536x763.webp 1536w, https:\/\/hgc-elektrotechnik.com\/wp-content\/uploads\/2025\/04\/Contact-2048x1018.webp 2048w\" sizes=\"(max-width: 2560px) 100vw, 2560px\">\r\n<\/div>\n<\/div><\/div><\/div>\n<\/section>","protected":false},"excerpt":{"rendered":"<p>Karriere bei HGC Elektrotechnik \u2013 wo Ihre Energie z\u00e4hlt Gestalten Sie Ihre Zukunft im Zentrum der Energiewende. Bei HGC Elektrotechnik \u00fcbernehmen Sie nicht einfach einen Job \u2013 Sie gestalten aktiv eine sauberere und nachhaltigere Energiezukunft mit. Ob in der Projektentwicklung, im Engineering oder im administrativen Bereich: Ihre Ideen, Ihr Engagement und Ihre Fachkompetenz treiben den [&hellip;]<\/p>\n","protected":false},"author":2,"featured_media":0,"parent":0,"menu_order":0,"comment_status":"closed","ping_status":"closed","template":"","meta":{"_breakdance_hide_in_design_set":false,"_breakdance_tags":"","footnotes":""},"class_list":["post-342","page","type-page","status-publish","hentry"],"_links":{"self":[{"href":"https:\/\/hgc-elektrotechnik.com\/de\/wp-json\/wp\/v2\/pages\/342","targetHints":{"allow":["GET"]}}],"collection":[{"href":"https:\/\/hgc-elektrotechnik.com\/de\/wp-json\/wp\/v2\/pages"}],"about":[{"href":"https:\/\/hgc-elektrotechnik.com\/de\/wp-json\/wp\/v2\/types\/page"}],"author":[{"embeddable":true,"href":"https:\/\/hgc-elektrotechnik.com\/de\/wp-json\/wp\/v2\/users\/2"}],"replies":[{"embeddable":true,"href":"https:\/\/hgc-elektrotechnik.com\/de\/wp-json\/wp\/v2\/comments?post=342"}],"version-history":[{"count":17,"href":"https:\/\/hgc-elektrotechnik.com\/de\/wp-json\/wp\/v2\/pages\/342\/revisions"}],"predecessor-version":[{"id":2265,"href":"https:\/\/hgc-elektrotechnik.com\/de\/wp-json\/wp\/v2\/pages\/342\/revisions\/2265"}],"wp:attachment":[{"href":"https:\/\/hgc-elektrotechnik.com\/de\/wp-json\/wp\/v2\/media?parent=342"}],"curies":[{"name":"wp","href":"https:\/\/api.w.org\/{rel}","templated":true}]}}